{"id":35442,"date":"2025-04-07T13:58:55","date_gmt":"2025-04-07T13:58:55","guid":{"rendered":"https:\/\/www.mfreg.com\/buy-with-us\/"},"modified":"2025-06-22T14:52:12","modified_gmt":"2025-06-22T14:52:12","slug":"achetez-avec-nous","status":"publish","type":"page","link":"https:\/\/www.mfreg.com\/fr\/achetez-avec-nous\/","title":{"rendered":"Achetez Avec Nous"},"content":{"rendered":"<p>Chez Le Groupe Immobilier Montefiore, l&rsquo;achat d&rsquo;un bien immobilier est bien plus qu&rsquo;une simple transaction \u2013 c&rsquo;est un parcours personnel, et nous sommes l\u00e0 pour vous accompagner \u00e0 chaque \u00e9tape. Nous sommes des experts reconnus dans le travail avec une client\u00e8le internationale et les nouveaux immigrants (Olim Hadashim), offrant une exp\u00e9rience fluide, adapt\u00e9e \u00e0 votre parcours, vos besoins et vos objectifs. Que vous investissiez, vous installiez en Isra\u00ebl ou recherchiez la maison de vos r\u00eaves, notre \u00e9quipe multilingue garantit un processus professionnel, personnalis\u00e9 et sans encombre. Gr\u00e2ce \u00e0 un acc\u00e8s privil\u00e9gi\u00e9 aux biens les plus pris\u00e9s d\u2019Isra\u00ebl, \u00e0 des exclusivit\u00e9s et \u00e0 un r\u00e9seau de professionnels de haut niveau, nous vous aidons \u00e0 acheter en toute confiance, en Isra\u00ebl et au-del\u00e0<\/p>\n","protected":false},"excerpt":{"rendered":"<p>Chez Le Groupe Immobilier Montefiore, l&rsquo;achat d&rsquo;un bien immobilier est bien plus qu&rsquo;une simple transaction \u2013 c&rsquo;est un parcours personnel, et nous sommes l\u00e0 pour vous accompagner \u00e0 chaque \u00e9tape. Nous sommes des experts reconnus dans le travail avec une client\u00e8le internationale et les nouveaux immigrants (Olim Hadashim), offrant une exp\u00e9rience fluide, adapt\u00e9e \u00e0 votre [&hellip;]<\/p>\n","protected":false},"author":2,"featured_media":355,"parent":0,"menu_order":2,"comment_status":"closed","ping_status":"closed","template":"views\/about.php","meta":{"_acf_changed":false,"footnotes":""},"class_list":["post-35442","page","type-page","status-publish","has-post-thumbnail","hentry"],"acf":[],"yoast_head":"<!-- This site is optimized with the Yoast SEO plugin v27.4 - https:\/\/yoast.com\/product\/yoast-seo-wordpress\/ -->\n<title>Achetez Avec Nous - Le Groupe Immobilier Montefiore<\/title>\n<meta name=\"description\" content=\"Chez Le Groupe Immobilier Montefiore, l&#039;achat d&#039;un bien immobilier est bien plus qu&#039;une simple transaction, c&#039;est un parcours personnel\" \/>\n<meta name=\"robots\" content=\"index, follow, max-snippet:-1, max-image-preview:large, max-video-preview:-1\" \/>\n<link rel=\"canonical\" href=\"https:\/\/www.mfreg.com\/fr\/achetez-avec-nous\/\" \/>\n<meta property=\"og:locale\" content=\"fr_FR\" \/>\n<meta property=\"og:type\" content=\"article\" \/>\n<meta property=\"og:title\" content=\"Achetez Avec Nous - Le Groupe Immobilier Montefiore\" \/>\n<meta property=\"og:description\" content=\"Chez Le Groupe Immobilier Montefiore, l&#039;achat d&#039;un bien immobilier est bien plus qu&#039;une simple transaction, c&#039;est un parcours personnel\" \/>\n<meta property=\"og:url\" content=\"https:\/\/www.mfreg.com\/fr\/achetez-avec-nous\/\" \/>\n<meta property=\"og:site_name\" content=\"Montefiore Real Estate Group\" \/>\n<meta property=\"article:modified_time\" content=\"2025-06-22T14:52:12+00:00\" \/>\n<meta property=\"og:image\" content=\"https:\/\/www.mfreg.com\/wp-content\/uploads\/2025\/02\/MFREG-H1-Video-1-2-1.png\" \/>\n\t<meta property=\"og:image:width\" content=\"1920\" \/>\n\t<meta property=\"og:image:height\" content=\"500\" \/>\n\t<meta property=\"og:image:type\" content=\"image\/png\" \/>\n<meta name=\"twitter:card\" content=\"summary_large_image\" \/>\n<meta name=\"twitter:label1\" content=\"Dur\u00e9e de lecture estim\u00e9e\" \/>\n\t<meta name=\"twitter:data1\" content=\"1 minute\" \/>\n<script type=\"application\/ld+json\" class=\"yoast-schema-graph\">{\"@context\":\"https:\\\/\\\/schema.org\",\"@graph\":[{\"@type\":\"WebPage\",\"@id\":\"https:\\\/\\\/www.mfreg.com\\\/fr\\\/achetez-avec-nous\\\/\",\"url\":\"https:\\\/\\\/www.mfreg.com\\\/fr\\\/achetez-avec-nous\\\/\",\"name\":\"Achetez Avec Nous - Le Groupe Immobilier Montefiore\",\"isPartOf\":{\"@id\":\"https:\\\/\\\/www.mfreg.com\\\/fr\\\/#website\"},\"primaryImageOfPage\":{\"@id\":\"https:\\\/\\\/www.mfreg.com\\\/fr\\\/achetez-avec-nous\\\/#primaryimage\"},\"image\":{\"@id\":\"https:\\\/\\\/www.mfreg.com\\\/fr\\\/achetez-avec-nous\\\/#primaryimage\"},\"thumbnailUrl\":\"https:\\\/\\\/www.mfreg.com\\\/wp-content\\\/uploads\\\/2025\\\/02\\\/MFREG-H1-Video-1-2-1.png\",\"datePublished\":\"2025-04-07T13:58:55+00:00\",\"dateModified\":\"2025-06-22T14:52:12+00:00\",\"description\":\"Chez Le Groupe Immobilier Montefiore, l'achat d'un bien immobilier est bien plus qu'une simple transaction, c'est un parcours personnel\",\"breadcrumb\":{\"@id\":\"https:\\\/\\\/www.mfreg.com\\\/fr\\\/achetez-avec-nous\\\/#breadcrumb\"},\"inLanguage\":\"fr-FR\",\"potentialAction\":[{\"@type\":\"ReadAction\",\"target\":[\"https:\\\/\\\/www.mfreg.com\\\/fr\\\/achetez-avec-nous\\\/\"]}]},{\"@type\":\"ImageObject\",\"inLanguage\":\"fr-FR\",\"@id\":\"https:\\\/\\\/www.mfreg.com\\\/fr\\\/achetez-avec-nous\\\/#primaryimage\",\"url\":\"https:\\\/\\\/www.mfreg.com\\\/wp-content\\\/uploads\\\/2025\\\/02\\\/MFREG-H1-Video-1-2-1.png\",\"contentUrl\":\"https:\\\/\\\/www.mfreg.com\\\/wp-content\\\/uploads\\\/2025\\\/02\\\/MFREG-H1-Video-1-2-1.png\",\"width\":1920,\"height\":500},{\"@type\":\"BreadcrumbList\",\"@id\":\"https:\\\/\\\/www.mfreg.com\\\/fr\\\/achetez-avec-nous\\\/#breadcrumb\",\"itemListElement\":[{\"@type\":\"ListItem\",\"position\":1,\"name\":\"Page d'accueil\",\"item\":\"https:\\\/\\\/www.mfreg.com\\\/fr\\\/\"},{\"@type\":\"ListItem\",\"position\":2,\"name\":\"Achetez Avec Nous\"}]},{\"@type\":\"WebSite\",\"@id\":\"https:\\\/\\\/www.mfreg.com\\\/fr\\\/#website\",\"url\":\"https:\\\/\\\/www.mfreg.com\\\/fr\\\/\",\"name\":\"Montefiore Real Estate Group\",\"description\":\"Montefiore Real Estate Group\",\"alternateName\":\"Montefiore Real Estate Group\",\"potentialAction\":[{\"@type\":\"SearchAction\",\"target\":{\"@type\":\"EntryPoint\",\"urlTemplate\":\"https:\\\/\\\/www.mfreg.com\\\/fr\\\/?s={search_term_string}\"},\"query-input\":{\"@type\":\"PropertyValueSpecification\",\"valueRequired\":true,\"valueName\":\"search_term_string\"}}],\"inLanguage\":\"fr-FR\"}]}<\/script>\n<!-- \/ Yoast SEO plugin. -->","yoast_head_json":{"title":"Achetez Avec Nous - Le Groupe Immobilier Montefiore","description":"Chez Le Groupe Immobilier Montefiore, l'achat d'un bien immobilier est bien plus qu'une simple transaction, c'est un parcours personnel","robots":{"index":"index","follow":"follow","max-snippet":"max-snippet:-1","max-image-preview":"max-image-preview:large","max-video-preview":"max-video-preview:-1"},"canonical":"https:\/\/www.mfreg.com\/fr\/achetez-avec-nous\/","og_locale":"fr_FR","og_type":"article","og_title":"Achetez Avec Nous - Le Groupe Immobilier Montefiore","og_description":"Chez Le Groupe Immobilier Montefiore, l'achat d'un bien immobilier est bien plus qu'une simple transaction, c'est un parcours personnel","og_url":"https:\/\/www.mfreg.com\/fr\/achetez-avec-nous\/","og_site_name":"Montefiore Real Estate Group","article_modified_time":"2025-06-22T14:52:12+00:00","og_image":[{"width":1920,"height":500,"url":"https:\/\/www.mfreg.com\/wp-content\/uploads\/2025\/02\/MFREG-H1-Video-1-2-1.png","type":"image\/png"}],"twitter_card":"summary_large_image","twitter_misc":{"Dur\u00e9e de lecture estim\u00e9e":"1 minute"},"schema":{"@context":"https:\/\/schema.org","@graph":[{"@type":"WebPage","@id":"https:\/\/www.mfreg.com\/fr\/achetez-avec-nous\/","url":"https:\/\/www.mfreg.com\/fr\/achetez-avec-nous\/","name":"Achetez Avec Nous - Le Groupe Immobilier Montefiore","isPartOf":{"@id":"https:\/\/www.mfreg.com\/fr\/#website"},"primaryImageOfPage":{"@id":"https:\/\/www.mfreg.com\/fr\/achetez-avec-nous\/#primaryimage"},"image":{"@id":"https:\/\/www.mfreg.com\/fr\/achetez-avec-nous\/#primaryimage"},"thumbnailUrl":"https:\/\/www.mfreg.com\/wp-content\/uploads\/2025\/02\/MFREG-H1-Video-1-2-1.png","datePublished":"2025-04-07T13:58:55+00:00","dateModified":"2025-06-22T14:52:12+00:00","description":"Chez Le Groupe Immobilier Montefiore, l'achat d'un bien immobilier est bien plus qu'une simple transaction, c'est un parcours personnel","breadcrumb":{"@id":"https:\/\/www.mfreg.com\/fr\/achetez-avec-nous\/#breadcrumb"},"inLanguage":"fr-FR","potentialAction":[{"@type":"ReadAction","target":["https:\/\/www.mfreg.com\/fr\/achetez-avec-nous\/"]}]},{"@type":"ImageObject","inLanguage":"fr-FR","@id":"https:\/\/www.mfreg.com\/fr\/achetez-avec-nous\/#primaryimage","url":"https:\/\/www.mfreg.com\/wp-content\/uploads\/2025\/02\/MFREG-H1-Video-1-2-1.png","contentUrl":"https:\/\/www.mfreg.com\/wp-content\/uploads\/2025\/02\/MFREG-H1-Video-1-2-1.png","width":1920,"height":500},{"@type":"BreadcrumbList","@id":"https:\/\/www.mfreg.com\/fr\/achetez-avec-nous\/#breadcrumb","itemListElement":[{"@type":"ListItem","position":1,"name":"Page d'accueil","item":"https:\/\/www.mfreg.com\/fr\/"},{"@type":"ListItem","position":2,"name":"Achetez Avec Nous"}]},{"@type":"WebSite","@id":"https:\/\/www.mfreg.com\/fr\/#website","url":"https:\/\/www.mfreg.com\/fr\/","name":"Montefiore Real Estate Group","description":"Montefiore Real Estate Group","alternateName":"Montefiore Real Estate Group","potentialAction":[{"@type":"SearchAction","target":{"@type":"EntryPoint","urlTemplate":"https:\/\/www.mfreg.com\/fr\/?s={search_term_string}"},"query-input":{"@type":"PropertyValueSpecification","valueRequired":true,"valueName":"search_term_string"}}],"inLanguage":"fr-FR"}]}},"_links":{"self":[{"href":"https:\/\/www.mfreg.com\/fr\/wp-json\/wp\/v2\/pages\/35442","targetHints":{"allow":["GET"]}}],"collection":[{"href":"https:\/\/www.mfreg.com\/fr\/wp-json\/wp\/v2\/pages"}],"about":[{"href":"https:\/\/www.mfreg.com\/fr\/wp-json\/wp\/v2\/types\/page"}],"author":[{"embeddable":true,"href":"https:\/\/www.mfreg.com\/fr\/wp-json\/wp\/v2\/users\/2"}],"replies":[{"embeddable":true,"href":"https:\/\/www.mfreg.com\/fr\/wp-json\/wp\/v2\/comments?post=35442"}],"version-history":[{"count":5,"href":"https:\/\/www.mfreg.com\/fr\/wp-json\/wp\/v2\/pages\/35442\/revisions"}],"predecessor-version":[{"id":36903,"href":"https:\/\/www.mfreg.com\/fr\/wp-json\/wp\/v2\/pages\/35442\/revisions\/36903"}],"wp:featuredmedia":[{"embeddable":true,"href":"https:\/\/www.mfreg.com\/fr\/wp-json\/wp\/v2\/media\/355"}],"wp:attachment":[{"href":"https:\/\/www.mfreg.com\/fr\/wp-json\/wp\/v2\/media?parent=35442"}],"curies":[{"name":"wp","href":"https:\/\/api.w.org\/{rel}","templated":true}]}}