{"id":35444,"date":"2025-04-07T13:59:24","date_gmt":"2025-04-07T13:59:24","guid":{"rendered":"https:\/\/www.mfreg.com\/developers\/"},"modified":"2025-07-05T12:20:44","modified_gmt":"2025-07-05T12:20:44","slug":"developpeurs","status":"publish","type":"page","link":"https:\/\/www.mfreg.com\/fr\/developpeurs\/","title":{"rendered":"D\u00e9veloppeurs"},"content":{"rendered":"<p>Chez Montefiore, nous proposons aux promoteurs un package complet de marketing et de branding haut de gamme pour des projets r\u00e9sidentiels, avec un avantage clair et in\u00e9gal\u00e9 en Isra\u00ebl : la combinaison puissante d&rsquo;une agence immobili\u00e8re boutique et prestigieuse op\u00e9rant selon les standards internationaux, d\u2019une agence de branding premium, et d\u2019une \u00e9quipe multilingue unique en son genre, qui dirige la plus grande plateforme de marketing en Isra\u00ebl destin\u00e9e aux r\u00e9sidents \u00e9trangers et aux nouveaux immigrants, dans plus de 25 pays \u00e0 travers le monde. En un mot : succ\u00e8s. Et avec Montefiore Group, vous l\u2019exp\u00e9rimenterez au plus haut niveau.<\/p>\n<p>Notre approche repose sur la cr\u00e9ation d&rsquo;une strat\u00e9gie cibl\u00e9e pour chaque projet, \u00a0une identit\u00e9 unique, un branding de qualit\u00e9, un ciblage pr\u00e9cis du public, et une visibilit\u00e9 personnelle aupr\u00e8s des publics locaux et internationaux. Nous ne faisons pas que promouvoir des projets- nous racontons leur histoire, construisons leur identit\u00e9, mettons en avant ce qui les rend uniques, et cr\u00e9ons un avantage concurrentiel clair.<\/p>\n","protected":false},"excerpt":{"rendered":"<p>Chez Montefiore, nous proposons aux promoteurs un package complet de marketing et de branding haut de gamme pour des projets r\u00e9sidentiels, avec un avantage clair et in\u00e9gal\u00e9 en Isra\u00ebl : la combinaison puissante d&rsquo;une agence immobili\u00e8re boutique et prestigieuse op\u00e9rant selon les standards internationaux, d\u2019une agence de branding premium, et d\u2019une \u00e9quipe multilingue unique en [&hellip;]<\/p>\n","protected":false},"author":2,"featured_media":36735,"parent":0,"menu_order":6,"comment_status":"closed","ping_status":"closed","template":"views\/about.php","meta":{"_acf_changed":false,"footnotes":""},"class_list":["post-35444","page","type-page","status-publish","has-post-thumbnail","hentry"],"acf":[],"yoast_head":"<!-- This site is optimized with the Yoast SEO plugin v27.4 - https:\/\/yoast.com\/product\/yoast-seo-wordpress\/ -->\n<title>D\u00e9veloppeurs - Groupe Immobilier Montefiore<\/title>\n<meta name=\"description\" content=\"Chez Groupe Immobilier Montefiore, nous proposons aux promoteurs un package complet de marketing des projets r\u00e9sidentiels\" \/>\n<meta name=\"robots\" content=\"index, follow, max-snippet:-1, max-image-preview:large, max-video-preview:-1\" \/>\n<link rel=\"canonical\" href=\"https:\/\/www.mfreg.com\/fr\/developpeurs\/\" \/>\n<meta property=\"og:locale\" content=\"fr_FR\" \/>\n<meta property=\"og:type\" content=\"article\" \/>\n<meta property=\"og:title\" content=\"D\u00e9veloppeurs - Groupe Immobilier Montefiore\" \/>\n<meta property=\"og:description\" content=\"Chez Groupe Immobilier Montefiore, nous proposons aux promoteurs un package complet de marketing des projets r\u00e9sidentiels\" \/>\n<meta property=\"og:url\" content=\"https:\/\/www.mfreg.com\/fr\/developpeurs\/\" \/>\n<meta property=\"og:site_name\" content=\"Montefiore Real Estate Group\" \/>\n<meta property=\"article:modified_time\" content=\"2025-07-05T12:20:44+00:00\" \/>\n<meta property=\"og:image\" content=\"https:\/\/www.mfreg.com\/wp-content\/uploads\/2025\/06\/Untitled-design-34.png\" \/>\n\t<meta property=\"og:image:width\" content=\"1920\" \/>\n\t<meta property=\"og:image:height\" content=\"500\" \/>\n\t<meta property=\"og:image:type\" content=\"image\/png\" \/>\n<meta name=\"twitter:card\" content=\"summary_large_image\" \/>\n<meta name=\"twitter:label1\" content=\"Dur\u00e9e de lecture estim\u00e9e\" \/>\n\t<meta name=\"twitter:data1\" content=\"1 minute\" \/>\n<script type=\"application\/ld+json\" class=\"yoast-schema-graph\">{\"@context\":\"https:\\\/\\\/schema.org\",\"@graph\":[{\"@type\":\"WebPage\",\"@id\":\"https:\\\/\\\/www.mfreg.com\\\/fr\\\/developpeurs\\\/\",\"url\":\"https:\\\/\\\/www.mfreg.com\\\/fr\\\/developpeurs\\\/\",\"name\":\"D\u00e9veloppeurs - Groupe Immobilier Montefiore\",\"isPartOf\":{\"@id\":\"https:\\\/\\\/www.mfreg.com\\\/fr\\\/#website\"},\"primaryImageOfPage\":{\"@id\":\"https:\\\/\\\/www.mfreg.com\\\/fr\\\/developpeurs\\\/#primaryimage\"},\"image\":{\"@id\":\"https:\\\/\\\/www.mfreg.com\\\/fr\\\/developpeurs\\\/#primaryimage\"},\"thumbnailUrl\":\"https:\\\/\\\/www.mfreg.com\\\/wp-content\\\/uploads\\\/2025\\\/06\\\/Untitled-design-34.png\",\"datePublished\":\"2025-04-07T13:59:24+00:00\",\"dateModified\":\"2025-07-05T12:20:44+00:00\",\"description\":\"Chez Groupe Immobilier Montefiore, nous proposons aux promoteurs un package complet de marketing des projets r\u00e9sidentiels\",\"breadcrumb\":{\"@id\":\"https:\\\/\\\/www.mfreg.com\\\/fr\\\/developpeurs\\\/#breadcrumb\"},\"inLanguage\":\"fr-FR\",\"potentialAction\":[{\"@type\":\"ReadAction\",\"target\":[\"https:\\\/\\\/www.mfreg.com\\\/fr\\\/developpeurs\\\/\"]}]},{\"@type\":\"ImageObject\",\"inLanguage\":\"fr-FR\",\"@id\":\"https:\\\/\\\/www.mfreg.com\\\/fr\\\/developpeurs\\\/#primaryimage\",\"url\":\"https:\\\/\\\/www.mfreg.com\\\/wp-content\\\/uploads\\\/2025\\\/06\\\/Untitled-design-34.png\",\"contentUrl\":\"https:\\\/\\\/www.mfreg.com\\\/wp-content\\\/uploads\\\/2025\\\/06\\\/Untitled-design-34.png\",\"width\":1920,\"height\":500},{\"@type\":\"BreadcrumbList\",\"@id\":\"https:\\\/\\\/www.mfreg.com\\\/fr\\\/developpeurs\\\/#breadcrumb\",\"itemListElement\":[{\"@type\":\"ListItem\",\"position\":1,\"name\":\"Page d'accueil\",\"item\":\"https:\\\/\\\/www.mfreg.com\\\/fr\\\/\"},{\"@type\":\"ListItem\",\"position\":2,\"name\":\"D\u00e9veloppeurs\"}]},{\"@type\":\"WebSite\",\"@id\":\"https:\\\/\\\/www.mfreg.com\\\/fr\\\/#website\",\"url\":\"https:\\\/\\\/www.mfreg.com\\\/fr\\\/\",\"name\":\"Montefiore Real Estate Group\",\"description\":\"Montefiore Real Estate Group\",\"alternateName\":\"Montefiore Real Estate Group\",\"potentialAction\":[{\"@type\":\"SearchAction\",\"target\":{\"@type\":\"EntryPoint\",\"urlTemplate\":\"https:\\\/\\\/www.mfreg.com\\\/fr\\\/?s={search_term_string}\"},\"query-input\":{\"@type\":\"PropertyValueSpecification\",\"valueRequired\":true,\"valueName\":\"search_term_string\"}}],\"inLanguage\":\"fr-FR\"}]}<\/script>\n<!-- \/ Yoast SEO plugin. -->","yoast_head_json":{"title":"D\u00e9veloppeurs - Groupe Immobilier Montefiore","description":"Chez Groupe Immobilier Montefiore, nous proposons aux promoteurs un package complet de marketing des projets r\u00e9sidentiels","robots":{"index":"index","follow":"follow","max-snippet":"max-snippet:-1","max-image-preview":"max-image-preview:large","max-video-preview":"max-video-preview:-1"},"canonical":"https:\/\/www.mfreg.com\/fr\/developpeurs\/","og_locale":"fr_FR","og_type":"article","og_title":"D\u00e9veloppeurs - Groupe Immobilier Montefiore","og_description":"Chez Groupe Immobilier Montefiore, nous proposons aux promoteurs un package complet de marketing des projets r\u00e9sidentiels","og_url":"https:\/\/www.mfreg.com\/fr\/developpeurs\/","og_site_name":"Montefiore Real Estate Group","article_modified_time":"2025-07-05T12:20:44+00:00","og_image":[{"width":1920,"height":500,"url":"https:\/\/www.mfreg.com\/wp-content\/uploads\/2025\/06\/Untitled-design-34.png","type":"image\/png"}],"twitter_card":"summary_large_image","twitter_misc":{"Dur\u00e9e de lecture estim\u00e9e":"1 minute"},"schema":{"@context":"https:\/\/schema.org","@graph":[{"@type":"WebPage","@id":"https:\/\/www.mfreg.com\/fr\/developpeurs\/","url":"https:\/\/www.mfreg.com\/fr\/developpeurs\/","name":"D\u00e9veloppeurs - Groupe Immobilier Montefiore","isPartOf":{"@id":"https:\/\/www.mfreg.com\/fr\/#website"},"primaryImageOfPage":{"@id":"https:\/\/www.mfreg.com\/fr\/developpeurs\/#primaryimage"},"image":{"@id":"https:\/\/www.mfreg.com\/fr\/developpeurs\/#primaryimage"},"thumbnailUrl":"https:\/\/www.mfreg.com\/wp-content\/uploads\/2025\/06\/Untitled-design-34.png","datePublished":"2025-04-07T13:59:24+00:00","dateModified":"2025-07-05T12:20:44+00:00","description":"Chez Groupe Immobilier Montefiore, nous proposons aux promoteurs un package complet de marketing des projets r\u00e9sidentiels","breadcrumb":{"@id":"https:\/\/www.mfreg.com\/fr\/developpeurs\/#breadcrumb"},"inLanguage":"fr-FR","potentialAction":[{"@type":"ReadAction","target":["https:\/\/www.mfreg.com\/fr\/developpeurs\/"]}]},{"@type":"ImageObject","inLanguage":"fr-FR","@id":"https:\/\/www.mfreg.com\/fr\/developpeurs\/#primaryimage","url":"https:\/\/www.mfreg.com\/wp-content\/uploads\/2025\/06\/Untitled-design-34.png","contentUrl":"https:\/\/www.mfreg.com\/wp-content\/uploads\/2025\/06\/Untitled-design-34.png","width":1920,"height":500},{"@type":"BreadcrumbList","@id":"https:\/\/www.mfreg.com\/fr\/developpeurs\/#breadcrumb","itemListElement":[{"@type":"ListItem","position":1,"name":"Page d'accueil","item":"https:\/\/www.mfreg.com\/fr\/"},{"@type":"ListItem","position":2,"name":"D\u00e9veloppeurs"}]},{"@type":"WebSite","@id":"https:\/\/www.mfreg.com\/fr\/#website","url":"https:\/\/www.mfreg.com\/fr\/","name":"Montefiore Real Estate Group","description":"Montefiore Real Estate Group","alternateName":"Montefiore Real Estate Group","potentialAction":[{"@type":"SearchAction","target":{"@type":"EntryPoint","urlTemplate":"https:\/\/www.mfreg.com\/fr\/?s={search_term_string}"},"query-input":{"@type":"PropertyValueSpecification","valueRequired":true,"valueName":"search_term_string"}}],"inLanguage":"fr-FR"}]}},"_links":{"self":[{"href":"https:\/\/www.mfreg.com\/fr\/wp-json\/wp\/v2\/pages\/35444","targetHints":{"allow":["GET"]}}],"collection":[{"href":"https:\/\/www.mfreg.com\/fr\/wp-json\/wp\/v2\/pages"}],"about":[{"href":"https:\/\/www.mfreg.com\/fr\/wp-json\/wp\/v2\/types\/page"}],"author":[{"embeddable":true,"href":"https:\/\/www.mfreg.com\/fr\/wp-json\/wp\/v2\/users\/2"}],"replies":[{"embeddable":true,"href":"https:\/\/www.mfreg.com\/fr\/wp-json\/wp\/v2\/comments?post=35444"}],"version-history":[{"count":3,"href":"https:\/\/www.mfreg.com\/fr\/wp-json\/wp\/v2\/pages\/35444\/revisions"}],"predecessor-version":[{"id":37790,"href":"https:\/\/www.mfreg.com\/fr\/wp-json\/wp\/v2\/pages\/35444\/revisions\/37790"}],"wp:featuredmedia":[{"embeddable":true,"href":"https:\/\/www.mfreg.com\/fr\/wp-json\/wp\/v2\/media\/36735"}],"wp:attachment":[{"href":"https:\/\/www.mfreg.com\/fr\/wp-json\/wp\/v2\/media?parent=35444"}],"curies":[{"name":"wp","href":"https:\/\/api.w.org\/{rel}","templated":true}]}}