{"id":35446,"date":"2020-04-22T17:32:27","date_gmt":"2020-04-22T17:32:27","guid":{"rendered":"https:\/\/www.mfreg.com\/properties\/"},"modified":"2025-06-15T17:24:18","modified_gmt":"2025-06-15T17:24:18","slug":"proprietes","status":"publish","type":"page","link":"https:\/\/www.mfreg.com\/fr\/proprietes\/","title":{"rendered":"Nos Propri\u00e9t\u00e9s"},"content":{"rendered":"","protected":false},"excerpt":{"rendered":"","protected":false},"author":1,"featured_media":0,"parent":0,"menu_order":11,"comment_status":"closed","ping_status":"closed","template":"views\/Properties.php","meta":{"_acf_changed":false,"footnotes":""},"class_list":["post-35446","page","type-page","status-publish","hentry"],"acf":[],"yoast_head":"<!-- This site is optimized with the Yoast SEO plugin v27.4 - https:\/\/yoast.com\/product\/yoast-seo-wordpress\/ -->\n<title>Immobilier en Isra\u00ebl - Montefiore Real Estate Group<\/title>\n<meta name=\"description\" content=\"D\u00e9couvrez l&#039;incroyable s\u00e9lection de propri\u00e9t\u00e9s de luxe en Isra\u00ebl du groupe immobilier Montefiore. Appartements de luxe \u00e0 Tel Aviv. Appartements de luxe \u00e0 Herzliya.\" \/>\n<meta name=\"robots\" content=\"index, follow, max-snippet:-1, max-image-preview:large, max-video-preview:-1\" \/>\n<link rel=\"canonical\" href=\"https:\/\/www.mfreg.com\/fr\/proprietes\/\" \/>\n<meta property=\"og:locale\" content=\"fr_FR\" \/>\n<meta property=\"og:type\" content=\"article\" \/>\n<meta property=\"og:title\" content=\"Immobilier en Isra\u00ebl - Montefiore Real Estate Group\" \/>\n<meta property=\"og:description\" content=\"D\u00e9couvrez l&#039;incroyable s\u00e9lection de propri\u00e9t\u00e9s de luxe en Isra\u00ebl du groupe immobilier Montefiore. Appartements de luxe \u00e0 Tel Aviv. Appartements de luxe \u00e0 Herzliya.\" \/>\n<meta property=\"og:url\" content=\"https:\/\/www.mfreg.com\/fr\/proprietes\/\" \/>\n<meta property=\"og:site_name\" content=\"Montefiore Real Estate Group\" \/>\n<meta property=\"article:modified_time\" content=\"2025-06-15T17:24:18+00:00\" \/>\n<meta name=\"twitter:card\" content=\"summary_large_image\" \/>\n<script type=\"application\/ld+json\" class=\"yoast-schema-graph\">{\"@context\":\"https:\\\/\\\/schema.org\",\"@graph\":[{\"@type\":\"WebPage\",\"@id\":\"https:\\\/\\\/www.mfreg.com\\\/fr\\\/proprietes\\\/\",\"url\":\"https:\\\/\\\/www.mfreg.com\\\/fr\\\/proprietes\\\/\",\"name\":\"Immobilier en Isra\u00ebl - Montefiore Real Estate Group\",\"isPartOf\":{\"@id\":\"https:\\\/\\\/www.mfreg.com\\\/fr\\\/#website\"},\"datePublished\":\"2020-04-22T17:32:27+00:00\",\"dateModified\":\"2025-06-15T17:24:18+00:00\",\"description\":\"D\u00e9couvrez l'incroyable s\u00e9lection de propri\u00e9t\u00e9s de luxe en Isra\u00ebl du groupe immobilier Montefiore. Appartements de luxe \u00e0 Tel Aviv. Appartements de luxe \u00e0 Herzliya.\",\"breadcrumb\":{\"@id\":\"https:\\\/\\\/www.mfreg.com\\\/fr\\\/proprietes\\\/#breadcrumb\"},\"inLanguage\":\"fr-FR\",\"potentialAction\":[{\"@type\":\"ReadAction\",\"target\":[\"https:\\\/\\\/www.mfreg.com\\\/fr\\\/proprietes\\\/\"]}]},{\"@type\":\"BreadcrumbList\",\"@id\":\"https:\\\/\\\/www.mfreg.com\\\/fr\\\/proprietes\\\/#breadcrumb\",\"itemListElement\":[{\"@type\":\"ListItem\",\"position\":1,\"name\":\"Page d'accueil\",\"item\":\"https:\\\/\\\/www.mfreg.com\\\/fr\\\/\"},{\"@type\":\"ListItem\",\"position\":2,\"name\":\"Nos Propri\u00e9t\u00e9s\"}]},{\"@type\":\"WebSite\",\"@id\":\"https:\\\/\\\/www.mfreg.com\\\/fr\\\/#website\",\"url\":\"https:\\\/\\\/www.mfreg.com\\\/fr\\\/\",\"name\":\"Montefiore Real Estate Group\",\"description\":\"Montefiore Real Estate Group\",\"alternateName\":\"Montefiore Real Estate Group\",\"potentialAction\":[{\"@type\":\"SearchAction\",\"target\":{\"@type\":\"EntryPoint\",\"urlTemplate\":\"https:\\\/\\\/www.mfreg.com\\\/fr\\\/?s={search_term_string}\"},\"query-input\":{\"@type\":\"PropertyValueSpecification\",\"valueRequired\":true,\"valueName\":\"search_term_string\"}}],\"inLanguage\":\"fr-FR\"}]}<\/script>\n<!-- \/ Yoast SEO plugin. -->","yoast_head_json":{"title":"Immobilier en Isra\u00ebl - Montefiore Real Estate Group","description":"D\u00e9couvrez l'incroyable s\u00e9lection de propri\u00e9t\u00e9s de luxe en Isra\u00ebl du groupe immobilier Montefiore. Appartements de luxe \u00e0 Tel Aviv. Appartements de luxe \u00e0 Herzliya.","robots":{"index":"index","follow":"follow","max-snippet":"max-snippet:-1","max-image-preview":"max-image-preview:large","max-video-preview":"max-video-preview:-1"},"canonical":"https:\/\/www.mfreg.com\/fr\/proprietes\/","og_locale":"fr_FR","og_type":"article","og_title":"Immobilier en Isra\u00ebl - Montefiore Real Estate Group","og_description":"D\u00e9couvrez l'incroyable s\u00e9lection de propri\u00e9t\u00e9s de luxe en Isra\u00ebl du groupe immobilier Montefiore. Appartements de luxe \u00e0 Tel Aviv. Appartements de luxe \u00e0 Herzliya.","og_url":"https:\/\/www.mfreg.com\/fr\/proprietes\/","og_site_name":"Montefiore Real Estate Group","article_modified_time":"2025-06-15T17:24:18+00:00","twitter_card":"summary_large_image","schema":{"@context":"https:\/\/schema.org","@graph":[{"@type":"WebPage","@id":"https:\/\/www.mfreg.com\/fr\/proprietes\/","url":"https:\/\/www.mfreg.com\/fr\/proprietes\/","name":"Immobilier en Isra\u00ebl - Montefiore Real Estate Group","isPartOf":{"@id":"https:\/\/www.mfreg.com\/fr\/#website"},"datePublished":"2020-04-22T17:32:27+00:00","dateModified":"2025-06-15T17:24:18+00:00","description":"D\u00e9couvrez l'incroyable s\u00e9lection de propri\u00e9t\u00e9s de luxe en Isra\u00ebl du groupe immobilier Montefiore. Appartements de luxe \u00e0 Tel Aviv. Appartements de luxe \u00e0 Herzliya.","breadcrumb":{"@id":"https:\/\/www.mfreg.com\/fr\/proprietes\/#breadcrumb"},"inLanguage":"fr-FR","potentialAction":[{"@type":"ReadAction","target":["https:\/\/www.mfreg.com\/fr\/proprietes\/"]}]},{"@type":"BreadcrumbList","@id":"https:\/\/www.mfreg.com\/fr\/proprietes\/#breadcrumb","itemListElement":[{"@type":"ListItem","position":1,"name":"Page d'accueil","item":"https:\/\/www.mfreg.com\/fr\/"},{"@type":"ListItem","position":2,"name":"Nos Propri\u00e9t\u00e9s"}]},{"@type":"WebSite","@id":"https:\/\/www.mfreg.com\/fr\/#website","url":"https:\/\/www.mfreg.com\/fr\/","name":"Montefiore Real Estate Group","description":"Montefiore Real Estate Group","alternateName":"Montefiore Real Estate Group","potentialAction":[{"@type":"SearchAction","target":{"@type":"EntryPoint","urlTemplate":"https:\/\/www.mfreg.com\/fr\/?s={search_term_string}"},"query-input":{"@type":"PropertyValueSpecification","valueRequired":true,"valueName":"search_term_string"}}],"inLanguage":"fr-FR"}]}},"_links":{"self":[{"href":"https:\/\/www.mfreg.com\/fr\/wp-json\/wp\/v2\/pages\/35446","targetHints":{"allow":["GET"]}}],"collection":[{"href":"https:\/\/www.mfreg.com\/fr\/wp-json\/wp\/v2\/pages"}],"about":[{"href":"https:\/\/www.mfreg.com\/fr\/wp-json\/wp\/v2\/types\/page"}],"author":[{"embeddable":true,"href":"https:\/\/www.mfreg.com\/fr\/wp-json\/wp\/v2\/users\/1"}],"replies":[{"embeddable":true,"href":"https:\/\/www.mfreg.com\/fr\/wp-json\/wp\/v2\/comments?post=35446"}],"version-history":[{"count":3,"href":"https:\/\/www.mfreg.com\/fr\/wp-json\/wp\/v2\/pages\/35446\/revisions"}],"predecessor-version":[{"id":36739,"href":"https:\/\/www.mfreg.com\/fr\/wp-json\/wp\/v2\/pages\/35446\/revisions\/36739"}],"wp:attachment":[{"href":"https:\/\/www.mfreg.com\/fr\/wp-json\/wp\/v2\/media?parent=35446"}],"curies":[{"name":"wp","href":"https:\/\/api.w.org\/{rel}","templated":true}]}}