{"id":35447,"date":"2025-02-02T10:13:03","date_gmt":"2025-02-02T10:13:03","guid":{"rendered":"https:\/\/www.mfreg.com\/about\/"},"modified":"2025-06-17T10:22:12","modified_gmt":"2025-06-17T10:22:12","slug":"a-propos","status":"publish","type":"page","link":"https:\/\/www.mfreg.com\/fr\/a-propos\/","title":{"rendered":"\u00c0 Propos"},"content":{"rendered":"<p>Le groupe Montefiore est une agence immobili\u00e8re boutique exclusive sp\u00e9cialis\u00e9e dans la commercialisation et la vente de biens et projets immobiliers, et poss\u00e8de actuellement la plateforme leader en Isra\u00ebl dans le domaine du travail avec les r\u00e9sidents \u00e9trangers et les nouveaux immigrants. Le groupe Montefiore a \u00e9t\u00e9 fond\u00e9 dans le but d\u2019offrir des services de marketing et de vente immobili\u00e8re d\u2019une qualit\u00e9 encore jamais vue en Isra\u00ebl, ainsi que pour connecter les propri\u00e9taires et promoteurs immobiliers en Isra\u00ebl avec un public d\u2019acheteurs et de locataires du monde entier. L\u2019\u00e9quipe de l\u2019agence est soigneusement s\u00e9lectionn\u00e9e et fournit des services \u00e0 des clients de plus de 25 pays, en respectant des standards internationaux rigoureux, une compr\u00e9hension approfondie du marketing et de la vente immobili\u00e8re aupr\u00e8s d\u2019un public local et international, un travail pr\u00e9cis et intelligent, ainsi qu\u2019un accompagnement personnalis\u00e9 de chaque client. L\u2019agence repr\u00e9sente des clients de premier plan en Isra\u00ebl et \u00e0 travers le monde, y compris des PDG, des investisseurs et des promoteurs, des propri\u00e9taires d\u2019entreprises priv\u00e9es et publiques, des membres de la Knesset, et plus encore.<\/p>\n","protected":false},"excerpt":{"rendered":"<p>Le groupe Montefiore est une agence immobili\u00e8re boutique exclusive sp\u00e9cialis\u00e9e dans la commercialisation et la vente de biens et projets immobiliers, et poss\u00e8de actuellement la plateforme leader en Isra\u00ebl dans le domaine du travail avec les r\u00e9sidents \u00e9trangers et les nouveaux immigrants. Le groupe Montefiore a \u00e9t\u00e9 fond\u00e9 dans le but d\u2019offrir des services de [&hellip;]<\/p>\n","protected":false},"author":1,"featured_media":36801,"parent":0,"menu_order":15,"comment_status":"closed","ping_status":"closed","template":"views\/about.php","meta":{"_acf_changed":false,"footnotes":""},"class_list":["post-35447","page","type-page","status-publish","has-post-thumbnail","hentry"],"acf":[],"yoast_head":"<!-- This site is optimized with the Yoast SEO plugin v27.4 - https:\/\/yoast.com\/product\/yoast-seo-wordpress\/ -->\n<title>\u00e0 propos - Le Groupe Immobilier Montefiore<\/title>\n<meta name=\"description\" content=\"Montefiore Immobilier est une agence immobili\u00e8re exclusive en Isra\u00ebl sp\u00e9cialis\u00e9e dans le travail avec une client\u00e8le internationale et les Oli\" \/>\n<meta name=\"robots\" content=\"index, follow, max-snippet:-1, max-image-preview:large, max-video-preview:-1\" \/>\n<link rel=\"canonical\" href=\"https:\/\/www.mfreg.com\/fr\/a-propos\/\" \/>\n<meta property=\"og:locale\" content=\"fr_FR\" \/>\n<meta property=\"og:type\" content=\"article\" \/>\n<meta property=\"og:title\" content=\"\u00e0 propos - Le Groupe Immobilier Montefiore\" \/>\n<meta property=\"og:description\" content=\"Montefiore Immobilier est une agence immobili\u00e8re exclusive en Isra\u00ebl sp\u00e9cialis\u00e9e dans le travail avec une client\u00e8le internationale et les Oli\" \/>\n<meta property=\"og:url\" content=\"https:\/\/www.mfreg.com\/fr\/a-propos\/\" \/>\n<meta property=\"og:site_name\" content=\"Montefiore Real Estate Group\" \/>\n<meta property=\"article:modified_time\" content=\"2025-06-17T10:22:12+00:00\" \/>\n<meta property=\"og:image\" content=\"https:\/\/www.mfreg.com\/wp-content\/uploads\/2025\/06\/Untitled-design-36.png\" \/>\n\t<meta property=\"og:image:width\" content=\"1920\" \/>\n\t<meta property=\"og:image:height\" content=\"500\" \/>\n\t<meta property=\"og:image:type\" content=\"image\/png\" \/>\n<meta name=\"twitter:card\" content=\"summary_large_image\" \/>\n<meta name=\"twitter:label1\" content=\"Dur\u00e9e de lecture estim\u00e9e\" \/>\n\t<meta name=\"twitter:data1\" content=\"1 minute\" \/>\n<script type=\"application\/ld+json\" class=\"yoast-schema-graph\">{\"@context\":\"https:\\\/\\\/schema.org\",\"@graph\":[{\"@type\":\"WebPage\",\"@id\":\"https:\\\/\\\/www.mfreg.com\\\/fr\\\/a-propos\\\/\",\"url\":\"https:\\\/\\\/www.mfreg.com\\\/fr\\\/a-propos\\\/\",\"name\":\"\u00e0 propos - Le Groupe Immobilier Montefiore\",\"isPartOf\":{\"@id\":\"https:\\\/\\\/www.mfreg.com\\\/fr\\\/#website\"},\"primaryImageOfPage\":{\"@id\":\"https:\\\/\\\/www.mfreg.com\\\/fr\\\/a-propos\\\/#primaryimage\"},\"image\":{\"@id\":\"https:\\\/\\\/www.mfreg.com\\\/fr\\\/a-propos\\\/#primaryimage\"},\"thumbnailUrl\":\"https:\\\/\\\/www.mfreg.com\\\/wp-content\\\/uploads\\\/2025\\\/06\\\/Untitled-design-36.png\",\"datePublished\":\"2025-02-02T10:13:03+00:00\",\"dateModified\":\"2025-06-17T10:22:12+00:00\",\"description\":\"Montefiore Immobilier est une agence immobili\u00e8re exclusive en Isra\u00ebl sp\u00e9cialis\u00e9e dans le travail avec une client\u00e8le internationale et les Oli\",\"breadcrumb\":{\"@id\":\"https:\\\/\\\/www.mfreg.com\\\/fr\\\/a-propos\\\/#breadcrumb\"},\"inLanguage\":\"fr-FR\",\"potentialAction\":[{\"@type\":\"ReadAction\",\"target\":[\"https:\\\/\\\/www.mfreg.com\\\/fr\\\/a-propos\\\/\"]}]},{\"@type\":\"ImageObject\",\"inLanguage\":\"fr-FR\",\"@id\":\"https:\\\/\\\/www.mfreg.com\\\/fr\\\/a-propos\\\/#primaryimage\",\"url\":\"https:\\\/\\\/www.mfreg.com\\\/wp-content\\\/uploads\\\/2025\\\/06\\\/Untitled-design-36.png\",\"contentUrl\":\"https:\\\/\\\/www.mfreg.com\\\/wp-content\\\/uploads\\\/2025\\\/06\\\/Untitled-design-36.png\",\"width\":1920,\"height\":500},{\"@type\":\"BreadcrumbList\",\"@id\":\"https:\\\/\\\/www.mfreg.com\\\/fr\\\/a-propos\\\/#breadcrumb\",\"itemListElement\":[{\"@type\":\"ListItem\",\"position\":1,\"name\":\"Page d'accueil\",\"item\":\"https:\\\/\\\/www.mfreg.com\\\/fr\\\/\"},{\"@type\":\"ListItem\",\"position\":2,\"name\":\"\u00c0 Propos\"}]},{\"@type\":\"WebSite\",\"@id\":\"https:\\\/\\\/www.mfreg.com\\\/fr\\\/#website\",\"url\":\"https:\\\/\\\/www.mfreg.com\\\/fr\\\/\",\"name\":\"Montefiore Real Estate Group\",\"description\":\"Montefiore Real Estate Group\",\"alternateName\":\"Montefiore Real Estate Group\",\"potentialAction\":[{\"@type\":\"SearchAction\",\"target\":{\"@type\":\"EntryPoint\",\"urlTemplate\":\"https:\\\/\\\/www.mfreg.com\\\/fr\\\/?s={search_term_string}\"},\"query-input\":{\"@type\":\"PropertyValueSpecification\",\"valueRequired\":true,\"valueName\":\"search_term_string\"}}],\"inLanguage\":\"fr-FR\"}]}<\/script>\n<!-- \/ Yoast SEO plugin. -->","yoast_head_json":{"title":"\u00e0 propos - Le Groupe Immobilier Montefiore","description":"Montefiore Immobilier est une agence immobili\u00e8re exclusive en Isra\u00ebl sp\u00e9cialis\u00e9e dans le travail avec une client\u00e8le internationale et les Oli","robots":{"index":"index","follow":"follow","max-snippet":"max-snippet:-1","max-image-preview":"max-image-preview:large","max-video-preview":"max-video-preview:-1"},"canonical":"https:\/\/www.mfreg.com\/fr\/a-propos\/","og_locale":"fr_FR","og_type":"article","og_title":"\u00e0 propos - Le Groupe Immobilier Montefiore","og_description":"Montefiore Immobilier est une agence immobili\u00e8re exclusive en Isra\u00ebl sp\u00e9cialis\u00e9e dans le travail avec une client\u00e8le internationale et les Oli","og_url":"https:\/\/www.mfreg.com\/fr\/a-propos\/","og_site_name":"Montefiore Real Estate Group","article_modified_time":"2025-06-17T10:22:12+00:00","og_image":[{"width":1920,"height":500,"url":"https:\/\/www.mfreg.com\/wp-content\/uploads\/2025\/06\/Untitled-design-36.png","type":"image\/png"}],"twitter_card":"summary_large_image","twitter_misc":{"Dur\u00e9e de lecture estim\u00e9e":"1 minute"},"schema":{"@context":"https:\/\/schema.org","@graph":[{"@type":"WebPage","@id":"https:\/\/www.mfreg.com\/fr\/a-propos\/","url":"https:\/\/www.mfreg.com\/fr\/a-propos\/","name":"\u00e0 propos - Le Groupe Immobilier Montefiore","isPartOf":{"@id":"https:\/\/www.mfreg.com\/fr\/#website"},"primaryImageOfPage":{"@id":"https:\/\/www.mfreg.com\/fr\/a-propos\/#primaryimage"},"image":{"@id":"https:\/\/www.mfreg.com\/fr\/a-propos\/#primaryimage"},"thumbnailUrl":"https:\/\/www.mfreg.com\/wp-content\/uploads\/2025\/06\/Untitled-design-36.png","datePublished":"2025-02-02T10:13:03+00:00","dateModified":"2025-06-17T10:22:12+00:00","description":"Montefiore Immobilier est une agence immobili\u00e8re exclusive en Isra\u00ebl sp\u00e9cialis\u00e9e dans le travail avec une client\u00e8le internationale et les Oli","breadcrumb":{"@id":"https:\/\/www.mfreg.com\/fr\/a-propos\/#breadcrumb"},"inLanguage":"fr-FR","potentialAction":[{"@type":"ReadAction","target":["https:\/\/www.mfreg.com\/fr\/a-propos\/"]}]},{"@type":"ImageObject","inLanguage":"fr-FR","@id":"https:\/\/www.mfreg.com\/fr\/a-propos\/#primaryimage","url":"https:\/\/www.mfreg.com\/wp-content\/uploads\/2025\/06\/Untitled-design-36.png","contentUrl":"https:\/\/www.mfreg.com\/wp-content\/uploads\/2025\/06\/Untitled-design-36.png","width":1920,"height":500},{"@type":"BreadcrumbList","@id":"https:\/\/www.mfreg.com\/fr\/a-propos\/#breadcrumb","itemListElement":[{"@type":"ListItem","position":1,"name":"Page d'accueil","item":"https:\/\/www.mfreg.com\/fr\/"},{"@type":"ListItem","position":2,"name":"\u00c0 Propos"}]},{"@type":"WebSite","@id":"https:\/\/www.mfreg.com\/fr\/#website","url":"https:\/\/www.mfreg.com\/fr\/","name":"Montefiore Real Estate Group","description":"Montefiore Real Estate Group","alternateName":"Montefiore Real Estate Group","potentialAction":[{"@type":"SearchAction","target":{"@type":"EntryPoint","urlTemplate":"https:\/\/www.mfreg.com\/fr\/?s={search_term_string}"},"query-input":{"@type":"PropertyValueSpecification","valueRequired":true,"valueName":"search_term_string"}}],"inLanguage":"fr-FR"}]}},"_links":{"self":[{"href":"https:\/\/www.mfreg.com\/fr\/wp-json\/wp\/v2\/pages\/35447","targetHints":{"allow":["GET"]}}],"collection":[{"href":"https:\/\/www.mfreg.com\/fr\/wp-json\/wp\/v2\/pages"}],"about":[{"href":"https:\/\/www.mfreg.com\/fr\/wp-json\/wp\/v2\/types\/page"}],"author":[{"embeddable":true,"href":"https:\/\/www.mfreg.com\/fr\/wp-json\/wp\/v2\/users\/1"}],"replies":[{"embeddable":true,"href":"https:\/\/www.mfreg.com\/fr\/wp-json\/wp\/v2\/comments?post=35447"}],"version-history":[{"count":16,"href":"https:\/\/www.mfreg.com\/fr\/wp-json\/wp\/v2\/pages\/35447\/revisions"}],"predecessor-version":[{"id":36822,"href":"https:\/\/www.mfreg.com\/fr\/wp-json\/wp\/v2\/pages\/35447\/revisions\/36822"}],"wp:featuredmedia":[{"embeddable":true,"href":"https:\/\/www.mfreg.com\/fr\/wp-json\/wp\/v2\/media\/36801"}],"wp:attachment":[{"href":"https:\/\/www.mfreg.com\/fr\/wp-json\/wp\/v2\/media?parent=35447"}],"curies":[{"name":"wp","href":"https:\/\/api.w.org\/{rel}","templated":true}]}}