{"id":35448,"date":"2023-09-04T08:21:02","date_gmt":"2023-09-04T08:21:02","guid":{"rendered":"https:\/\/www.mfreg.com\/our-team\/"},"modified":"2025-04-16T19:56:06","modified_gmt":"2025-04-16T19:56:06","slug":"notre-equipe","status":"publish","type":"page","link":"https:\/\/www.mfreg.com\/fr\/notre-equipe\/","title":{"rendered":"Notre \u00e9quipe"},"content":{"rendered":"","protected":false},"excerpt":{"rendered":"","protected":false},"author":1,"featured_media":404,"parent":0,"menu_order":12,"comment_status":"closed","ping_status":"closed","template":"views\/OurTeam.php","meta":{"_acf_changed":false,"footnotes":""},"class_list":["post-35448","page","type-page","status-publish","has-post-thumbnail","hentry"],"acf":[],"yoast_head":"<!-- This site is optimized with the Yoast SEO plugin v27.4 - https:\/\/yoast.com\/product\/yoast-seo-wordpress\/ -->\n<title>Montefiore Real Estate Group - Notre \u00e9quipe<\/title>\n<meta name=\"description\" content=\"Notre \u00e9quipe de professionnels d\u00e9livre \u00e0 chaque client des offres de services \u00e0 360\u00b0, leur permettant de cr\u00e9er et de consolider des relations et de profiter d&#039;une seule adresse pour des services complets sur les transactions\" \/>\n<meta name=\"robots\" content=\"index, follow, max-snippet:-1, max-image-preview:large, max-video-preview:-1\" \/>\n<link rel=\"canonical\" href=\"https:\/\/www.mfreg.com\/fr\/notre-equipe\/\" \/>\n<meta property=\"og:locale\" content=\"fr_FR\" \/>\n<meta property=\"og:type\" content=\"article\" \/>\n<meta property=\"og:title\" content=\"Montefiore Real Estate Group - Notre \u00e9quipe\" \/>\n<meta property=\"og:description\" content=\"Notre \u00e9quipe de professionnels d\u00e9livre \u00e0 chaque client des offres de services \u00e0 360\u00b0, leur permettant de cr\u00e9er et de consolider des relations et de profiter d&#039;une seule adresse pour des services complets sur les transactions\" \/>\n<meta property=\"og:url\" content=\"https:\/\/www.mfreg.com\/fr\/notre-equipe\/\" \/>\n<meta property=\"og:site_name\" content=\"Montefiore Real Estate Group\" \/>\n<meta property=\"article:modified_time\" content=\"2025-04-16T19:56:06+00:00\" \/>\n<meta property=\"og:image\" content=\"https:\/\/www.mfreg.com\/wp-content\/uploads\/2025\/02\/MFREG-H1-Video-1-3-e1740308600150.png\" \/>\n\t<meta property=\"og:image:width\" content=\"1920\" \/>\n\t<meta property=\"og:image:height\" content=\"500\" \/>\n\t<meta property=\"og:image:type\" content=\"image\/png\" \/>\n<meta name=\"twitter:card\" content=\"summary_large_image\" \/>\n<meta name=\"twitter:label1\" content=\"Dur\u00e9e de lecture estim\u00e9e\" \/>\n\t<meta name=\"twitter:data1\" content=\"1 minute\" \/>\n<script type=\"application\/ld+json\" class=\"yoast-schema-graph\">{\"@context\":\"https:\\\/\\\/schema.org\",\"@graph\":[{\"@type\":\"WebPage\",\"@id\":\"https:\\\/\\\/www.mfreg.com\\\/fr\\\/notre-equipe\\\/\",\"url\":\"https:\\\/\\\/www.mfreg.com\\\/fr\\\/notre-equipe\\\/\",\"name\":\"Montefiore Real Estate Group - Notre \u00e9quipe\",\"isPartOf\":{\"@id\":\"https:\\\/\\\/www.mfreg.com\\\/fr\\\/#website\"},\"primaryImageOfPage\":{\"@id\":\"https:\\\/\\\/www.mfreg.com\\\/fr\\\/notre-equipe\\\/#primaryimage\"},\"image\":{\"@id\":\"https:\\\/\\\/www.mfreg.com\\\/fr\\\/notre-equipe\\\/#primaryimage\"},\"thumbnailUrl\":\"https:\\\/\\\/www.mfreg.com\\\/wp-content\\\/uploads\\\/2025\\\/02\\\/MFREG-H1-Video-1-3-e1740308600150.png\",\"datePublished\":\"2023-09-04T08:21:02+00:00\",\"dateModified\":\"2025-04-16T19:56:06+00:00\",\"description\":\"Notre \u00e9quipe de professionnels d\u00e9livre \u00e0 chaque client des offres de services \u00e0 360\u00b0, leur permettant de cr\u00e9er et de consolider des relations et de profiter d'une seule adresse pour des services complets sur les transactions\",\"breadcrumb\":{\"@id\":\"https:\\\/\\\/www.mfreg.com\\\/fr\\\/notre-equipe\\\/#breadcrumb\"},\"inLanguage\":\"fr-FR\",\"potentialAction\":[{\"@type\":\"ReadAction\",\"target\":[\"https:\\\/\\\/www.mfreg.com\\\/fr\\\/notre-equipe\\\/\"]}]},{\"@type\":\"ImageObject\",\"inLanguage\":\"fr-FR\",\"@id\":\"https:\\\/\\\/www.mfreg.com\\\/fr\\\/notre-equipe\\\/#primaryimage\",\"url\":\"https:\\\/\\\/www.mfreg.com\\\/wp-content\\\/uploads\\\/2025\\\/02\\\/MFREG-H1-Video-1-3-e1740308600150.png\",\"contentUrl\":\"https:\\\/\\\/www.mfreg.com\\\/wp-content\\\/uploads\\\/2025\\\/02\\\/MFREG-H1-Video-1-3-e1740308600150.png\",\"width\":1920,\"height\":500},{\"@type\":\"BreadcrumbList\",\"@id\":\"https:\\\/\\\/www.mfreg.com\\\/fr\\\/notre-equipe\\\/#breadcrumb\",\"itemListElement\":[{\"@type\":\"ListItem\",\"position\":1,\"name\":\"Page d'accueil\",\"item\":\"https:\\\/\\\/www.mfreg.com\\\/fr\\\/\"},{\"@type\":\"ListItem\",\"position\":2,\"name\":\"Notre \u00e9quipe\"}]},{\"@type\":\"WebSite\",\"@id\":\"https:\\\/\\\/www.mfreg.com\\\/fr\\\/#website\",\"url\":\"https:\\\/\\\/www.mfreg.com\\\/fr\\\/\",\"name\":\"Montefiore Real Estate Group\",\"description\":\"Montefiore Real Estate Group\",\"alternateName\":\"Montefiore Real Estate Group\",\"potentialAction\":[{\"@type\":\"SearchAction\",\"target\":{\"@type\":\"EntryPoint\",\"urlTemplate\":\"https:\\\/\\\/www.mfreg.com\\\/fr\\\/?s={search_term_string}\"},\"query-input\":{\"@type\":\"PropertyValueSpecification\",\"valueRequired\":true,\"valueName\":\"search_term_string\"}}],\"inLanguage\":\"fr-FR\"}]}<\/script>\n<!-- \/ Yoast SEO plugin. -->","yoast_head_json":{"title":"Montefiore Real Estate Group - Notre \u00e9quipe","description":"Notre \u00e9quipe de professionnels d\u00e9livre \u00e0 chaque client des offres de services \u00e0 360\u00b0, leur permettant de cr\u00e9er et de consolider des relations et de profiter d'une seule adresse pour des services complets sur les transactions","robots":{"index":"index","follow":"follow","max-snippet":"max-snippet:-1","max-image-preview":"max-image-preview:large","max-video-preview":"max-video-preview:-1"},"canonical":"https:\/\/www.mfreg.com\/fr\/notre-equipe\/","og_locale":"fr_FR","og_type":"article","og_title":"Montefiore Real Estate Group - Notre \u00e9quipe","og_description":"Notre \u00e9quipe de professionnels d\u00e9livre \u00e0 chaque client des offres de services \u00e0 360\u00b0, leur permettant de cr\u00e9er et de consolider des relations et de profiter d'une seule adresse pour des services complets sur les transactions","og_url":"https:\/\/www.mfreg.com\/fr\/notre-equipe\/","og_site_name":"Montefiore Real Estate Group","article_modified_time":"2025-04-16T19:56:06+00:00","og_image":[{"width":1920,"height":500,"url":"https:\/\/www.mfreg.com\/wp-content\/uploads\/2025\/02\/MFREG-H1-Video-1-3-e1740308600150.png","type":"image\/png"}],"twitter_card":"summary_large_image","twitter_misc":{"Dur\u00e9e de lecture estim\u00e9e":"1 minute"},"schema":{"@context":"https:\/\/schema.org","@graph":[{"@type":"WebPage","@id":"https:\/\/www.mfreg.com\/fr\/notre-equipe\/","url":"https:\/\/www.mfreg.com\/fr\/notre-equipe\/","name":"Montefiore Real Estate Group - Notre \u00e9quipe","isPartOf":{"@id":"https:\/\/www.mfreg.com\/fr\/#website"},"primaryImageOfPage":{"@id":"https:\/\/www.mfreg.com\/fr\/notre-equipe\/#primaryimage"},"image":{"@id":"https:\/\/www.mfreg.com\/fr\/notre-equipe\/#primaryimage"},"thumbnailUrl":"https:\/\/www.mfreg.com\/wp-content\/uploads\/2025\/02\/MFREG-H1-Video-1-3-e1740308600150.png","datePublished":"2023-09-04T08:21:02+00:00","dateModified":"2025-04-16T19:56:06+00:00","description":"Notre \u00e9quipe de professionnels d\u00e9livre \u00e0 chaque client des offres de services \u00e0 360\u00b0, leur permettant de cr\u00e9er et de consolider des relations et de profiter d'une seule adresse pour des services complets sur les transactions","breadcrumb":{"@id":"https:\/\/www.mfreg.com\/fr\/notre-equipe\/#breadcrumb"},"inLanguage":"fr-FR","potentialAction":[{"@type":"ReadAction","target":["https:\/\/www.mfreg.com\/fr\/notre-equipe\/"]}]},{"@type":"ImageObject","inLanguage":"fr-FR","@id":"https:\/\/www.mfreg.com\/fr\/notre-equipe\/#primaryimage","url":"https:\/\/www.mfreg.com\/wp-content\/uploads\/2025\/02\/MFREG-H1-Video-1-3-e1740308600150.png","contentUrl":"https:\/\/www.mfreg.com\/wp-content\/uploads\/2025\/02\/MFREG-H1-Video-1-3-e1740308600150.png","width":1920,"height":500},{"@type":"BreadcrumbList","@id":"https:\/\/www.mfreg.com\/fr\/notre-equipe\/#breadcrumb","itemListElement":[{"@type":"ListItem","position":1,"name":"Page d'accueil","item":"https:\/\/www.mfreg.com\/fr\/"},{"@type":"ListItem","position":2,"name":"Notre \u00e9quipe"}]},{"@type":"WebSite","@id":"https:\/\/www.mfreg.com\/fr\/#website","url":"https:\/\/www.mfreg.com\/fr\/","name":"Montefiore Real Estate Group","description":"Montefiore Real Estate Group","alternateName":"Montefiore Real Estate Group","potentialAction":[{"@type":"SearchAction","target":{"@type":"EntryPoint","urlTemplate":"https:\/\/www.mfreg.com\/fr\/?s={search_term_string}"},"query-input":{"@type":"PropertyValueSpecification","valueRequired":true,"valueName":"search_term_string"}}],"inLanguage":"fr-FR"}]}},"_links":{"self":[{"href":"https:\/\/www.mfreg.com\/fr\/wp-json\/wp\/v2\/pages\/35448","targetHints":{"allow":["GET"]}}],"collection":[{"href":"https:\/\/www.mfreg.com\/fr\/wp-json\/wp\/v2\/pages"}],"about":[{"href":"https:\/\/www.mfreg.com\/fr\/wp-json\/wp\/v2\/types\/page"}],"author":[{"embeddable":true,"href":"https:\/\/www.mfreg.com\/fr\/wp-json\/wp\/v2\/users\/1"}],"replies":[{"embeddable":true,"href":"https:\/\/www.mfreg.com\/fr\/wp-json\/wp\/v2\/comments?post=35448"}],"version-history":[{"count":2,"href":"https:\/\/www.mfreg.com\/fr\/wp-json\/wp\/v2\/pages\/35448\/revisions"}],"predecessor-version":[{"id":35878,"href":"https:\/\/www.mfreg.com\/fr\/wp-json\/wp\/v2\/pages\/35448\/revisions\/35878"}],"wp:featuredmedia":[{"embeddable":true,"href":"https:\/\/www.mfreg.com\/fr\/wp-json\/wp\/v2\/media\/404"}],"wp:attachment":[{"href":"https:\/\/www.mfreg.com\/fr\/wp-json\/wp\/v2\/media?parent=35448"}],"curies":[{"name":"wp","href":"https:\/\/api.w.org\/{rel}","templated":true}]}}