{"id":35449,"date":"2025-04-07T13:59:09","date_gmt":"2025-04-07T13:59:09","guid":{"rendered":"https:\/\/www.mfreg.com\/sell-with-us\/"},"modified":"2025-06-22T14:51:00","modified_gmt":"2025-06-22T14:51:00","slug":"vendez-avec-nous","status":"publish","type":"page","link":"https:\/\/www.mfreg.com\/fr\/vendez-avec-nous\/","title":{"rendered":"Vendez Avec Nous"},"content":{"rendered":"<p>Lorsque vous confiez la mise en vente de votre bien au Montefiore Real Estate Group, vous b\u00e9n\u00e9ficiez bien plus qu\u2019un simple service d\u2019agence immobili\u00e8re traditionnelle &#8211; vous vous associez \u00e0 la premi\u00e8re agence isra\u00e9lienne sp\u00e9cialis\u00e9e dans l\u2019immobilier de luxe, le branding et le marketing. Nous nous sp\u00e9cialisons dans l\u2019offre d\u2019une exposition maximale \u00e0 chaque propri\u00e9t\u00e9 gr\u00e2ce \u00e0 notre acc\u00e8s in\u00e9gal\u00e9 \u00e0 des acheteurs fortun\u00e9s, des Olim Hadashim et une client\u00e8le internationale provenant de plus de 25 pays.<\/p>\n<p>Chaque bien que nous repr\u00e9sentons b\u00e9n\u00e9ficie d\u2019un processus de branding sur mesure, incluant un message personnalis\u00e9, des visuels premium et un positionnement strat\u00e9gique sur des plateformes multilingues. Avec Montefiore, votre bien n\u2019est pas seulement mis en vente &#8211; il est sublim\u00e9. Laissez-nous pr\u00e9senter votre propri\u00e9t\u00e9 sous son meilleur jour et la connecter avec l\u2019acheteur id\u00e9al, tant localement qu\u2019\u00e0 l\u2019international.<\/p>\n","protected":false},"excerpt":{"rendered":"<p>Lorsque vous confiez la mise en vente de votre bien au Montefiore Real Estate Group, vous b\u00e9n\u00e9ficiez bien plus qu\u2019un simple service d\u2019agence immobili\u00e8re traditionnelle &#8211; vous vous associez \u00e0 la premi\u00e8re agence isra\u00e9lienne sp\u00e9cialis\u00e9e dans l\u2019immobilier de luxe, le branding et le marketing. Nous nous sp\u00e9cialisons dans l\u2019offre d\u2019une exposition maximale \u00e0 chaque propri\u00e9t\u00e9 [&hellip;]<\/p>\n","protected":false},"author":2,"featured_media":36725,"parent":0,"menu_order":22,"comment_status":"closed","ping_status":"closed","template":"views\/about.php","meta":{"_acf_changed":false,"footnotes":""},"class_list":["post-35449","page","type-page","status-publish","has-post-thumbnail","hentry"],"acf":[],"yoast_head":"<!-- This site is optimized with the Yoast SEO plugin v27.4 - https:\/\/yoast.com\/product\/yoast-seo-wordpress\/ -->\n<title>Vendez Avec Nous - Montefiore Real Estate Group<\/title>\n<meta name=\"robots\" content=\"index, follow, max-snippet:-1, max-image-preview:large, max-video-preview:-1\" \/>\n<link rel=\"canonical\" href=\"https:\/\/www.mfreg.com\/fr\/vendez-avec-nous\/\" \/>\n<meta property=\"og:locale\" content=\"fr_FR\" \/>\n<meta property=\"og:type\" content=\"article\" \/>\n<meta property=\"og:title\" content=\"Vendez Avec Nous - Montefiore Real Estate Group\" \/>\n<meta property=\"og:description\" content=\"Lorsque vous confiez la mise en vente de votre bien au Montefiore Real Estate Group, vous b\u00e9n\u00e9ficiez bien plus qu\u2019un simple service d\u2019agence immobili\u00e8re traditionnelle &#8211; vous vous associez \u00e0 la premi\u00e8re agence isra\u00e9lienne sp\u00e9cialis\u00e9e dans l\u2019immobilier de luxe, le branding et le marketing. Nous nous sp\u00e9cialisons dans l\u2019offre d\u2019une exposition maximale \u00e0 chaque propri\u00e9t\u00e9 [&hellip;]\" \/>\n<meta property=\"og:url\" content=\"https:\/\/www.mfreg.com\/fr\/vendez-avec-nous\/\" \/>\n<meta property=\"og:site_name\" content=\"Montefiore Real Estate Group\" \/>\n<meta property=\"article:modified_time\" content=\"2025-06-22T14:51:00+00:00\" \/>\n<meta property=\"og:image\" content=\"https:\/\/www.mfreg.com\/wp-content\/uploads\/2025\/02\/MFREG-H1-Video-1-2-1.png\" \/>\n\t<meta property=\"og:image:width\" content=\"1920\" \/>\n\t<meta property=\"og:image:height\" content=\"500\" \/>\n\t<meta property=\"og:image:type\" content=\"image\/png\" \/>\n<meta name=\"twitter:card\" content=\"summary_large_image\" \/>\n<meta name=\"twitter:label1\" content=\"Dur\u00e9e de lecture estim\u00e9e\" \/>\n\t<meta name=\"twitter:data1\" content=\"1 minute\" \/>\n<script type=\"application\/ld+json\" class=\"yoast-schema-graph\">{\"@context\":\"https:\\\/\\\/schema.org\",\"@graph\":[{\"@type\":\"WebPage\",\"@id\":\"https:\\\/\\\/www.mfreg.com\\\/fr\\\/vendez-avec-nous\\\/\",\"url\":\"https:\\\/\\\/www.mfreg.com\\\/fr\\\/vendez-avec-nous\\\/\",\"name\":\"Vendez Avec Nous - Montefiore Real Estate Group\",\"isPartOf\":{\"@id\":\"https:\\\/\\\/www.mfreg.com\\\/fr\\\/#website\"},\"primaryImageOfPage\":{\"@id\":\"https:\\\/\\\/www.mfreg.com\\\/fr\\\/vendez-avec-nous\\\/#primaryimage\"},\"image\":{\"@id\":\"https:\\\/\\\/www.mfreg.com\\\/fr\\\/vendez-avec-nous\\\/#primaryimage\"},\"thumbnailUrl\":\"https:\\\/\\\/www.mfreg.com\\\/wp-content\\\/uploads\\\/2025\\\/06\\\/Untitled-design-32.png\",\"datePublished\":\"2025-04-07T13:59:09+00:00\",\"dateModified\":\"2025-06-22T14:51:00+00:00\",\"breadcrumb\":{\"@id\":\"https:\\\/\\\/www.mfreg.com\\\/fr\\\/vendez-avec-nous\\\/#breadcrumb\"},\"inLanguage\":\"fr-FR\",\"potentialAction\":[{\"@type\":\"ReadAction\",\"target\":[\"https:\\\/\\\/www.mfreg.com\\\/fr\\\/vendez-avec-nous\\\/\"]}]},{\"@type\":\"ImageObject\",\"inLanguage\":\"fr-FR\",\"@id\":\"https:\\\/\\\/www.mfreg.com\\\/fr\\\/vendez-avec-nous\\\/#primaryimage\",\"url\":\"https:\\\/\\\/www.mfreg.com\\\/wp-content\\\/uploads\\\/2025\\\/06\\\/Untitled-design-32.png\",\"contentUrl\":\"https:\\\/\\\/www.mfreg.com\\\/wp-content\\\/uploads\\\/2025\\\/06\\\/Untitled-design-32.png\",\"width\":1920,\"height\":500},{\"@type\":\"BreadcrumbList\",\"@id\":\"https:\\\/\\\/www.mfreg.com\\\/fr\\\/vendez-avec-nous\\\/#breadcrumb\",\"itemListElement\":[{\"@type\":\"ListItem\",\"position\":1,\"name\":\"Page d'accueil\",\"item\":\"https:\\\/\\\/www.mfreg.com\\\/fr\\\/\"},{\"@type\":\"ListItem\",\"position\":2,\"name\":\"Vendez Avec Nous\"}]},{\"@type\":\"WebSite\",\"@id\":\"https:\\\/\\\/www.mfreg.com\\\/fr\\\/#website\",\"url\":\"https:\\\/\\\/www.mfreg.com\\\/fr\\\/\",\"name\":\"Montefiore Real Estate Group\",\"description\":\"Montefiore Real Estate Group\",\"alternateName\":\"Montefiore Real Estate Group\",\"potentialAction\":[{\"@type\":\"SearchAction\",\"target\":{\"@type\":\"EntryPoint\",\"urlTemplate\":\"https:\\\/\\\/www.mfreg.com\\\/fr\\\/?s={search_term_string}\"},\"query-input\":{\"@type\":\"PropertyValueSpecification\",\"valueRequired\":true,\"valueName\":\"search_term_string\"}}],\"inLanguage\":\"fr-FR\"}]}<\/script>\n<!-- \/ Yoast SEO plugin. -->","yoast_head_json":{"title":"Vendez Avec Nous - Montefiore Real Estate Group","robots":{"index":"index","follow":"follow","max-snippet":"max-snippet:-1","max-image-preview":"max-image-preview:large","max-video-preview":"max-video-preview:-1"},"canonical":"https:\/\/www.mfreg.com\/fr\/vendez-avec-nous\/","og_locale":"fr_FR","og_type":"article","og_title":"Vendez Avec Nous - Montefiore Real Estate Group","og_description":"Lorsque vous confiez la mise en vente de votre bien au Montefiore Real Estate Group, vous b\u00e9n\u00e9ficiez bien plus qu\u2019un simple service d\u2019agence immobili\u00e8re traditionnelle &#8211; vous vous associez \u00e0 la premi\u00e8re agence isra\u00e9lienne sp\u00e9cialis\u00e9e dans l\u2019immobilier de luxe, le branding et le marketing. Nous nous sp\u00e9cialisons dans l\u2019offre d\u2019une exposition maximale \u00e0 chaque propri\u00e9t\u00e9 [&hellip;]","og_url":"https:\/\/www.mfreg.com\/fr\/vendez-avec-nous\/","og_site_name":"Montefiore Real Estate Group","article_modified_time":"2025-06-22T14:51:00+00:00","og_image":[{"width":1920,"height":500,"url":"https:\/\/www.mfreg.com\/wp-content\/uploads\/2025\/02\/MFREG-H1-Video-1-2-1.png","type":"image\/png"}],"twitter_card":"summary_large_image","twitter_misc":{"Dur\u00e9e de lecture estim\u00e9e":"1 minute"},"schema":{"@context":"https:\/\/schema.org","@graph":[{"@type":"WebPage","@id":"https:\/\/www.mfreg.com\/fr\/vendez-avec-nous\/","url":"https:\/\/www.mfreg.com\/fr\/vendez-avec-nous\/","name":"Vendez Avec Nous - Montefiore Real Estate Group","isPartOf":{"@id":"https:\/\/www.mfreg.com\/fr\/#website"},"primaryImageOfPage":{"@id":"https:\/\/www.mfreg.com\/fr\/vendez-avec-nous\/#primaryimage"},"image":{"@id":"https:\/\/www.mfreg.com\/fr\/vendez-avec-nous\/#primaryimage"},"thumbnailUrl":"https:\/\/www.mfreg.com\/wp-content\/uploads\/2025\/06\/Untitled-design-32.png","datePublished":"2025-04-07T13:59:09+00:00","dateModified":"2025-06-22T14:51:00+00:00","breadcrumb":{"@id":"https:\/\/www.mfreg.com\/fr\/vendez-avec-nous\/#breadcrumb"},"inLanguage":"fr-FR","potentialAction":[{"@type":"ReadAction","target":["https:\/\/www.mfreg.com\/fr\/vendez-avec-nous\/"]}]},{"@type":"ImageObject","inLanguage":"fr-FR","@id":"https:\/\/www.mfreg.com\/fr\/vendez-avec-nous\/#primaryimage","url":"https:\/\/www.mfreg.com\/wp-content\/uploads\/2025\/06\/Untitled-design-32.png","contentUrl":"https:\/\/www.mfreg.com\/wp-content\/uploads\/2025\/06\/Untitled-design-32.png","width":1920,"height":500},{"@type":"BreadcrumbList","@id":"https:\/\/www.mfreg.com\/fr\/vendez-avec-nous\/#breadcrumb","itemListElement":[{"@type":"ListItem","position":1,"name":"Page d'accueil","item":"https:\/\/www.mfreg.com\/fr\/"},{"@type":"ListItem","position":2,"name":"Vendez Avec Nous"}]},{"@type":"WebSite","@id":"https:\/\/www.mfreg.com\/fr\/#website","url":"https:\/\/www.mfreg.com\/fr\/","name":"Montefiore Real Estate Group","description":"Montefiore Real Estate Group","alternateName":"Montefiore Real Estate Group","potentialAction":[{"@type":"SearchAction","target":{"@type":"EntryPoint","urlTemplate":"https:\/\/www.mfreg.com\/fr\/?s={search_term_string}"},"query-input":{"@type":"PropertyValueSpecification","valueRequired":true,"valueName":"search_term_string"}}],"inLanguage":"fr-FR"}]}},"_links":{"self":[{"href":"https:\/\/www.mfreg.com\/fr\/wp-json\/wp\/v2\/pages\/35449","targetHints":{"allow":["GET"]}}],"collection":[{"href":"https:\/\/www.mfreg.com\/fr\/wp-json\/wp\/v2\/pages"}],"about":[{"href":"https:\/\/www.mfreg.com\/fr\/wp-json\/wp\/v2\/types\/page"}],"author":[{"embeddable":true,"href":"https:\/\/www.mfreg.com\/fr\/wp-json\/wp\/v2\/users\/2"}],"replies":[{"embeddable":true,"href":"https:\/\/www.mfreg.com\/fr\/wp-json\/wp\/v2\/comments?post=35449"}],"version-history":[{"count":5,"href":"https:\/\/www.mfreg.com\/fr\/wp-json\/wp\/v2\/pages\/35449\/revisions"}],"predecessor-version":[{"id":36902,"href":"https:\/\/www.mfreg.com\/fr\/wp-json\/wp\/v2\/pages\/35449\/revisions\/36902"}],"wp:featuredmedia":[{"embeddable":true,"href":"https:\/\/www.mfreg.com\/fr\/wp-json\/wp\/v2\/media\/36725"}],"wp:attachment":[{"href":"https:\/\/www.mfreg.com\/fr\/wp-json\/wp\/v2\/media?parent=35449"}],"curies":[{"name":"wp","href":"https:\/\/api.w.org\/{rel}","templated":true}]}}