{"id":35450,"date":"2025-04-07T14:01:37","date_gmt":"2025-04-07T14:01:37","guid":{"rendered":"https:\/\/www.mfreg.com\/work-with-us\/"},"modified":"2025-08-02T13:06:18","modified_gmt":"2025-08-02T13:06:18","slug":"travaillez-avec-nous","status":"publish","type":"page","link":"https:\/\/www.mfreg.com\/fr\/travaillez-avec-nous\/","title":{"rendered":"Travaillez avec nous"},"content":{"rendered":"<p>Le Groupe Montefiore n\u2019est pas seulement un acteur de l\u2019immobilier &#8211; c\u2019est une communaut\u00e9 d\u2019excellence, de cr\u00e9ativit\u00e9 et de professionnalisme sans compromis.<br \/>\nSi vous souhaitez rejoindre l\u2019une des marques de luxe les plus prestigieuses en Isra\u00ebl, r\u00eavez de travailler dans un environnement international et dynamique, vendre les biens les plus beaux et les plus exclusifs du pays, et repr\u00e9senter des clients d\u2019exception venus du monde entier &#8211; votre place est avec nous.<br \/>\nNous recherchons les meilleurs talents : intelligents, ambitieux, agr\u00e9ables et passionn\u00e9s &#8211; ceux qui veulent construire une carri\u00e8re significative, bien gagner leur vie, et \u00e9voluer aux c\u00f4t\u00e9s des professionnels et clients les plus influents du secteur.<\/p>\n","protected":false},"excerpt":{"rendered":"<p>Le Groupe Montefiore n\u2019est pas seulement un acteur de l\u2019immobilier &#8211; c\u2019est une communaut\u00e9 d\u2019excellence, de cr\u00e9ativit\u00e9 et de professionnalisme sans compromis. Si vous souhaitez rejoindre l\u2019une des marques de luxe les plus prestigieuses en Isra\u00ebl, r\u00eavez de travailler dans un environnement international et dynamique, vendre les biens les plus beaux et les plus exclusifs [&hellip;]<\/p>\n","protected":false},"author":2,"featured_media":355,"parent":0,"menu_order":21,"comment_status":"closed","ping_status":"closed","template":"views\/about.php","meta":{"_acf_changed":false,"footnotes":""},"class_list":["post-35450","page","type-page","status-publish","has-post-thumbnail","hentry"],"acf":[],"yoast_head":"<!-- This site is optimized with the Yoast SEO plugin v27.4 - https:\/\/yoast.com\/product\/yoast-seo-wordpress\/ -->\n<title>Travaillez avec nous - Montefiore Real Estate Group<\/title>\n<meta name=\"description\" content=\"Le Groupe Montefiore n\u2019est pas seulement un acteur de l\u2019immobilier- c\u2019est une communaut\u00e9 d\u2019excellence, de cr\u00e9ativit\u00e9 et de professionnalisme\" \/>\n<meta name=\"robots\" content=\"index, follow, max-snippet:-1, max-image-preview:large, max-video-preview:-1\" \/>\n<link rel=\"canonical\" href=\"https:\/\/www.mfreg.com\/fr\/travaillez-avec-nous\/\" \/>\n<meta property=\"og:locale\" content=\"fr_FR\" \/>\n<meta property=\"og:type\" content=\"article\" \/>\n<meta property=\"og:title\" content=\"Travaillez avec nous - Montefiore Real Estate Group\" \/>\n<meta property=\"og:description\" content=\"Le Groupe Montefiore n\u2019est pas seulement un acteur de l\u2019immobilier- c\u2019est une communaut\u00e9 d\u2019excellence, de cr\u00e9ativit\u00e9 et de professionnalisme\" \/>\n<meta property=\"og:url\" content=\"https:\/\/www.mfreg.com\/fr\/travaillez-avec-nous\/\" \/>\n<meta property=\"og:site_name\" content=\"Montefiore Real Estate Group\" \/>\n<meta property=\"article:modified_time\" content=\"2025-08-02T13:06:18+00:00\" \/>\n<meta property=\"og:image\" content=\"https:\/\/www.mfreg.com\/wp-content\/uploads\/2025\/02\/MFREG-H1-Video-1-2-1.png\" \/>\n\t<meta property=\"og:image:width\" content=\"1920\" \/>\n\t<meta property=\"og:image:height\" content=\"500\" \/>\n\t<meta property=\"og:image:type\" content=\"image\/png\" \/>\n<meta name=\"twitter:card\" content=\"summary_large_image\" \/>\n<meta name=\"twitter:label1\" content=\"Dur\u00e9e de lecture estim\u00e9e\" \/>\n\t<meta name=\"twitter:data1\" content=\"1 minute\" \/>\n<script type=\"application\/ld+json\" class=\"yoast-schema-graph\">{\"@context\":\"https:\\\/\\\/schema.org\",\"@graph\":[{\"@type\":\"WebPage\",\"@id\":\"https:\\\/\\\/www.mfreg.com\\\/fr\\\/travaillez-avec-nous\\\/\",\"url\":\"https:\\\/\\\/www.mfreg.com\\\/fr\\\/travaillez-avec-nous\\\/\",\"name\":\"Travaillez avec nous - Montefiore Real Estate Group\",\"isPartOf\":{\"@id\":\"https:\\\/\\\/www.mfreg.com\\\/fr\\\/#website\"},\"primaryImageOfPage\":{\"@id\":\"https:\\\/\\\/www.mfreg.com\\\/fr\\\/travaillez-avec-nous\\\/#primaryimage\"},\"image\":{\"@id\":\"https:\\\/\\\/www.mfreg.com\\\/fr\\\/travaillez-avec-nous\\\/#primaryimage\"},\"thumbnailUrl\":\"https:\\\/\\\/www.mfreg.com\\\/wp-content\\\/uploads\\\/2025\\\/02\\\/MFREG-H1-Video-1-2-1.png\",\"datePublished\":\"2025-04-07T14:01:37+00:00\",\"dateModified\":\"2025-08-02T13:06:18+00:00\",\"description\":\"Le Groupe Montefiore n\u2019est pas seulement un acteur de l\u2019immobilier- c\u2019est une communaut\u00e9 d\u2019excellence, de cr\u00e9ativit\u00e9 et de professionnalisme\",\"breadcrumb\":{\"@id\":\"https:\\\/\\\/www.mfreg.com\\\/fr\\\/travaillez-avec-nous\\\/#breadcrumb\"},\"inLanguage\":\"fr-FR\",\"potentialAction\":[{\"@type\":\"ReadAction\",\"target\":[\"https:\\\/\\\/www.mfreg.com\\\/fr\\\/travaillez-avec-nous\\\/\"]}]},{\"@type\":\"ImageObject\",\"inLanguage\":\"fr-FR\",\"@id\":\"https:\\\/\\\/www.mfreg.com\\\/fr\\\/travaillez-avec-nous\\\/#primaryimage\",\"url\":\"https:\\\/\\\/www.mfreg.com\\\/wp-content\\\/uploads\\\/2025\\\/02\\\/MFREG-H1-Video-1-2-1.png\",\"contentUrl\":\"https:\\\/\\\/www.mfreg.com\\\/wp-content\\\/uploads\\\/2025\\\/02\\\/MFREG-H1-Video-1-2-1.png\",\"width\":1920,\"height\":500},{\"@type\":\"BreadcrumbList\",\"@id\":\"https:\\\/\\\/www.mfreg.com\\\/fr\\\/travaillez-avec-nous\\\/#breadcrumb\",\"itemListElement\":[{\"@type\":\"ListItem\",\"position\":1,\"name\":\"Page d'accueil\",\"item\":\"https:\\\/\\\/www.mfreg.com\\\/fr\\\/\"},{\"@type\":\"ListItem\",\"position\":2,\"name\":\"Travaillez avec nous\"}]},{\"@type\":\"WebSite\",\"@id\":\"https:\\\/\\\/www.mfreg.com\\\/fr\\\/#website\",\"url\":\"https:\\\/\\\/www.mfreg.com\\\/fr\\\/\",\"name\":\"Montefiore Real Estate Group\",\"description\":\"Montefiore Real Estate Group\",\"alternateName\":\"Montefiore Real Estate Group\",\"potentialAction\":[{\"@type\":\"SearchAction\",\"target\":{\"@type\":\"EntryPoint\",\"urlTemplate\":\"https:\\\/\\\/www.mfreg.com\\\/fr\\\/?s={search_term_string}\"},\"query-input\":{\"@type\":\"PropertyValueSpecification\",\"valueRequired\":true,\"valueName\":\"search_term_string\"}}],\"inLanguage\":\"fr-FR\"}]}<\/script>\n<!-- \/ Yoast SEO plugin. -->","yoast_head_json":{"title":"Travaillez avec nous - Montefiore Real Estate Group","description":"Le Groupe Montefiore n\u2019est pas seulement un acteur de l\u2019immobilier- c\u2019est une communaut\u00e9 d\u2019excellence, de cr\u00e9ativit\u00e9 et de professionnalisme","robots":{"index":"index","follow":"follow","max-snippet":"max-snippet:-1","max-image-preview":"max-image-preview:large","max-video-preview":"max-video-preview:-1"},"canonical":"https:\/\/www.mfreg.com\/fr\/travaillez-avec-nous\/","og_locale":"fr_FR","og_type":"article","og_title":"Travaillez avec nous - Montefiore Real Estate Group","og_description":"Le Groupe Montefiore n\u2019est pas seulement un acteur de l\u2019immobilier- c\u2019est une communaut\u00e9 d\u2019excellence, de cr\u00e9ativit\u00e9 et de professionnalisme","og_url":"https:\/\/www.mfreg.com\/fr\/travaillez-avec-nous\/","og_site_name":"Montefiore Real Estate Group","article_modified_time":"2025-08-02T13:06:18+00:00","og_image":[{"width":1920,"height":500,"url":"https:\/\/www.mfreg.com\/wp-content\/uploads\/2025\/02\/MFREG-H1-Video-1-2-1.png","type":"image\/png"}],"twitter_card":"summary_large_image","twitter_misc":{"Dur\u00e9e de lecture estim\u00e9e":"1 minute"},"schema":{"@context":"https:\/\/schema.org","@graph":[{"@type":"WebPage","@id":"https:\/\/www.mfreg.com\/fr\/travaillez-avec-nous\/","url":"https:\/\/www.mfreg.com\/fr\/travaillez-avec-nous\/","name":"Travaillez avec nous - Montefiore Real Estate Group","isPartOf":{"@id":"https:\/\/www.mfreg.com\/fr\/#website"},"primaryImageOfPage":{"@id":"https:\/\/www.mfreg.com\/fr\/travaillez-avec-nous\/#primaryimage"},"image":{"@id":"https:\/\/www.mfreg.com\/fr\/travaillez-avec-nous\/#primaryimage"},"thumbnailUrl":"https:\/\/www.mfreg.com\/wp-content\/uploads\/2025\/02\/MFREG-H1-Video-1-2-1.png","datePublished":"2025-04-07T14:01:37+00:00","dateModified":"2025-08-02T13:06:18+00:00","description":"Le Groupe Montefiore n\u2019est pas seulement un acteur de l\u2019immobilier- c\u2019est une communaut\u00e9 d\u2019excellence, de cr\u00e9ativit\u00e9 et de professionnalisme","breadcrumb":{"@id":"https:\/\/www.mfreg.com\/fr\/travaillez-avec-nous\/#breadcrumb"},"inLanguage":"fr-FR","potentialAction":[{"@type":"ReadAction","target":["https:\/\/www.mfreg.com\/fr\/travaillez-avec-nous\/"]}]},{"@type":"ImageObject","inLanguage":"fr-FR","@id":"https:\/\/www.mfreg.com\/fr\/travaillez-avec-nous\/#primaryimage","url":"https:\/\/www.mfreg.com\/wp-content\/uploads\/2025\/02\/MFREG-H1-Video-1-2-1.png","contentUrl":"https:\/\/www.mfreg.com\/wp-content\/uploads\/2025\/02\/MFREG-H1-Video-1-2-1.png","width":1920,"height":500},{"@type":"BreadcrumbList","@id":"https:\/\/www.mfreg.com\/fr\/travaillez-avec-nous\/#breadcrumb","itemListElement":[{"@type":"ListItem","position":1,"name":"Page d'accueil","item":"https:\/\/www.mfreg.com\/fr\/"},{"@type":"ListItem","position":2,"name":"Travaillez avec nous"}]},{"@type":"WebSite","@id":"https:\/\/www.mfreg.com\/fr\/#website","url":"https:\/\/www.mfreg.com\/fr\/","name":"Montefiore Real Estate Group","description":"Montefiore Real Estate Group","alternateName":"Montefiore Real Estate Group","potentialAction":[{"@type":"SearchAction","target":{"@type":"EntryPoint","urlTemplate":"https:\/\/www.mfreg.com\/fr\/?s={search_term_string}"},"query-input":{"@type":"PropertyValueSpecification","valueRequired":true,"valueName":"search_term_string"}}],"inLanguage":"fr-FR"}]}},"_links":{"self":[{"href":"https:\/\/www.mfreg.com\/fr\/wp-json\/wp\/v2\/pages\/35450","targetHints":{"allow":["GET"]}}],"collection":[{"href":"https:\/\/www.mfreg.com\/fr\/wp-json\/wp\/v2\/pages"}],"about":[{"href":"https:\/\/www.mfreg.com\/fr\/wp-json\/wp\/v2\/types\/page"}],"author":[{"embeddable":true,"href":"https:\/\/www.mfreg.com\/fr\/wp-json\/wp\/v2\/users\/2"}],"replies":[{"embeddable":true,"href":"https:\/\/www.mfreg.com\/fr\/wp-json\/wp\/v2\/comments?post=35450"}],"version-history":[{"count":4,"href":"https:\/\/www.mfreg.com\/fr\/wp-json\/wp\/v2\/pages\/35450\/revisions"}],"predecessor-version":[{"id":38372,"href":"https:\/\/www.mfreg.com\/fr\/wp-json\/wp\/v2\/pages\/35450\/revisions\/38372"}],"wp:featuredmedia":[{"embeddable":true,"href":"https:\/\/www.mfreg.com\/fr\/wp-json\/wp\/v2\/media\/355"}],"wp:attachment":[{"href":"https:\/\/www.mfreg.com\/fr\/wp-json\/wp\/v2\/media?parent=35450"}],"curies":[{"name":"wp","href":"https:\/\/api.w.org\/{rel}","templated":true}]}}