{"id":36878,"date":"2025-06-22T14:52:42","date_gmt":"2025-06-22T14:52:42","guid":{"rendered":"https:\/\/www.mfreg.com\/?page_id=36878"},"modified":"2025-07-05T13:51:51","modified_gmt":"2025-07-05T13:51:51","slug":"location","status":"publish","type":"page","link":"https:\/\/www.mfreg.com\/fr\/location\/","title":{"rendered":"Propri\u00e9taires (Location)"},"content":{"rendered":"<p>Propri\u00e9taires, vous savez bien que la location d\u2019un appartement peut rapidement devenir un vrai casse-t\u00eate, s\u00e9lection des locataires, retards de paiement, probl\u00e8mes techniques, malentendus et bien plus. Louez votre bien avec\u00a0Le Groupe Immobilier Montefiore\u00a0<span style=\"font-size: 16px;\">et profitez d\u2019un mod\u00e8le structur\u00e9 qui vous garantit la tranquillit\u00e9 d\u2019esprit : une repr\u00e9sentation professionnelle, personnalis\u00e9e et pr\u00e9cise ; une expertise dans la s\u00e9lection des locataires et un travail avec une client\u00e8le haut de gamme- tout cela assure un processus fluide et serein du d\u00e9but \u00e0 la fin.<\/span><\/p>\n<p>Nos clients comptent parmi les noms les plus influents en Isra\u00ebl et dans le monde : investisseurs, entrepreneurs, professionnels, cadres dirigeants, diplomates, membres du clerg\u00e9, dirigeants d\u2019entreprises priv\u00e9es et publiques, ainsi que des nouveaux immigrants venus de plus de 25 pays- tous \u00e0 la recherche de biens locatifs haut de gamme en Isra\u00ebl gr\u00e2ce \u00e0 notre service, marketing et fiabilit\u00e9.<\/p>\n","protected":false},"excerpt":{"rendered":"<p>Propri\u00e9taires, vous savez bien que la location d\u2019un appartement peut rapidement devenir un vrai casse-t\u00eate, s\u00e9lection des locataires, retards de paiement, probl\u00e8mes techniques, malentendus et bien plus. Louez votre bien avec\u00a0Le Groupe Immobilier Montefiore\u00a0et profitez d\u2019un mod\u00e8le structur\u00e9 qui vous garantit la tranquillit\u00e9 d\u2019esprit : une repr\u00e9sentation professionnelle, personnalis\u00e9e et pr\u00e9cise ; une expertise dans [&hellip;]<\/p>\n","protected":false},"author":3,"featured_media":36725,"parent":0,"menu_order":19,"comment_status":"closed","ping_status":"closed","template":"views\/about.php","meta":{"_acf_changed":false,"footnotes":""},"class_list":["post-36878","page","type-page","status-publish","has-post-thumbnail","hentry"],"acf":[],"yoast_head":"<!-- This site is optimized with the Yoast SEO plugin v27.4 - https:\/\/yoast.com\/product\/yoast-seo-wordpress\/ -->\n<title>Propri\u00e9taires (Location) - Le Groupe Immobilier Montefiore<\/title>\n<meta name=\"description\" content=\"Louez votre bien avec Le Groupe Immobilier Montefiore et profitez d\u2019un mod\u00e8le structur\u00e9 qui vous garantit la tranquillit\u00e9 d\u2019esprit\" \/>\n<meta name=\"robots\" content=\"index, follow, max-snippet:-1, max-image-preview:large, max-video-preview:-1\" \/>\n<link rel=\"canonical\" href=\"https:\/\/www.mfreg.com\/fr\/location\/\" \/>\n<meta property=\"og:locale\" content=\"fr_FR\" \/>\n<meta property=\"og:type\" content=\"article\" \/>\n<meta property=\"og:title\" content=\"Propri\u00e9taires (Location) - Le Groupe Immobilier Montefiore\" \/>\n<meta property=\"og:description\" content=\"Louez votre bien avec Le Groupe Immobilier Montefiore et profitez d\u2019un mod\u00e8le structur\u00e9 qui vous garantit la tranquillit\u00e9 d\u2019esprit\" \/>\n<meta property=\"og:url\" content=\"https:\/\/www.mfreg.com\/fr\/location\/\" \/>\n<meta property=\"og:site_name\" content=\"Montefiore Real Estate Group\" \/>\n<meta property=\"article:modified_time\" content=\"2025-07-05T13:51:51+00:00\" \/>\n<meta property=\"og:image\" content=\"https:\/\/www.mfreg.com\/wp-content\/uploads\/2025\/06\/Untitled-design-32.png\" \/>\n\t<meta property=\"og:image:width\" content=\"1920\" \/>\n\t<meta property=\"og:image:height\" content=\"500\" \/>\n\t<meta property=\"og:image:type\" content=\"image\/png\" \/>\n<meta name=\"twitter:card\" content=\"summary_large_image\" \/>\n<meta name=\"twitter:label1\" content=\"Dur\u00e9e de lecture estim\u00e9e\" \/>\n\t<meta name=\"twitter:data1\" content=\"1 minute\" \/>\n<script type=\"application\/ld+json\" class=\"yoast-schema-graph\">{\"@context\":\"https:\\\/\\\/schema.org\",\"@graph\":[{\"@type\":\"WebPage\",\"@id\":\"https:\\\/\\\/www.mfreg.com\\\/fr\\\/location\\\/\",\"url\":\"https:\\\/\\\/www.mfreg.com\\\/fr\\\/location\\\/\",\"name\":\"Propri\u00e9taires (Location) - Le Groupe Immobilier Montefiore\",\"isPartOf\":{\"@id\":\"https:\\\/\\\/www.mfreg.com\\\/fr\\\/#website\"},\"primaryImageOfPage\":{\"@id\":\"https:\\\/\\\/www.mfreg.com\\\/fr\\\/location\\\/#primaryimage\"},\"image\":{\"@id\":\"https:\\\/\\\/www.mfreg.com\\\/fr\\\/location\\\/#primaryimage\"},\"thumbnailUrl\":\"https:\\\/\\\/www.mfreg.com\\\/wp-content\\\/uploads\\\/2025\\\/06\\\/Untitled-design-32.png\",\"datePublished\":\"2025-06-22T14:52:42+00:00\",\"dateModified\":\"2025-07-05T13:51:51+00:00\",\"description\":\"Louez votre bien avec Le Groupe Immobilier Montefiore et profitez d\u2019un mod\u00e8le structur\u00e9 qui vous garantit la tranquillit\u00e9 d\u2019esprit\",\"breadcrumb\":{\"@id\":\"https:\\\/\\\/www.mfreg.com\\\/fr\\\/location\\\/#breadcrumb\"},\"inLanguage\":\"fr-FR\",\"potentialAction\":[{\"@type\":\"ReadAction\",\"target\":[\"https:\\\/\\\/www.mfreg.com\\\/fr\\\/location\\\/\"]}]},{\"@type\":\"ImageObject\",\"inLanguage\":\"fr-FR\",\"@id\":\"https:\\\/\\\/www.mfreg.com\\\/fr\\\/location\\\/#primaryimage\",\"url\":\"https:\\\/\\\/www.mfreg.com\\\/wp-content\\\/uploads\\\/2025\\\/06\\\/Untitled-design-32.png\",\"contentUrl\":\"https:\\\/\\\/www.mfreg.com\\\/wp-content\\\/uploads\\\/2025\\\/06\\\/Untitled-design-32.png\",\"width\":1920,\"height\":500},{\"@type\":\"BreadcrumbList\",\"@id\":\"https:\\\/\\\/www.mfreg.com\\\/fr\\\/location\\\/#breadcrumb\",\"itemListElement\":[{\"@type\":\"ListItem\",\"position\":1,\"name\":\"Page d'accueil\",\"item\":\"https:\\\/\\\/www.mfreg.com\\\/fr\\\/\"},{\"@type\":\"ListItem\",\"position\":2,\"name\":\"Propri\u00e9taires (Location)\"}]},{\"@type\":\"WebSite\",\"@id\":\"https:\\\/\\\/www.mfreg.com\\\/fr\\\/#website\",\"url\":\"https:\\\/\\\/www.mfreg.com\\\/fr\\\/\",\"name\":\"Montefiore Real Estate Group\",\"description\":\"Montefiore Real Estate Group\",\"alternateName\":\"Montefiore Real Estate Group\",\"potentialAction\":[{\"@type\":\"SearchAction\",\"target\":{\"@type\":\"EntryPoint\",\"urlTemplate\":\"https:\\\/\\\/www.mfreg.com\\\/fr\\\/?s={search_term_string}\"},\"query-input\":{\"@type\":\"PropertyValueSpecification\",\"valueRequired\":true,\"valueName\":\"search_term_string\"}}],\"inLanguage\":\"fr-FR\"}]}<\/script>\n<!-- \/ Yoast SEO plugin. -->","yoast_head_json":{"title":"Propri\u00e9taires (Location) - Le Groupe Immobilier Montefiore","description":"Louez votre bien avec Le Groupe Immobilier Montefiore et profitez d\u2019un mod\u00e8le structur\u00e9 qui vous garantit la tranquillit\u00e9 d\u2019esprit","robots":{"index":"index","follow":"follow","max-snippet":"max-snippet:-1","max-image-preview":"max-image-preview:large","max-video-preview":"max-video-preview:-1"},"canonical":"https:\/\/www.mfreg.com\/fr\/location\/","og_locale":"fr_FR","og_type":"article","og_title":"Propri\u00e9taires (Location) - Le Groupe Immobilier Montefiore","og_description":"Louez votre bien avec Le Groupe Immobilier Montefiore et profitez d\u2019un mod\u00e8le structur\u00e9 qui vous garantit la tranquillit\u00e9 d\u2019esprit","og_url":"https:\/\/www.mfreg.com\/fr\/location\/","og_site_name":"Montefiore Real Estate Group","article_modified_time":"2025-07-05T13:51:51+00:00","og_image":[{"width":1920,"height":500,"url":"https:\/\/www.mfreg.com\/wp-content\/uploads\/2025\/06\/Untitled-design-32.png","type":"image\/png"}],"twitter_card":"summary_large_image","twitter_misc":{"Dur\u00e9e de lecture estim\u00e9e":"1 minute"},"schema":{"@context":"https:\/\/schema.org","@graph":[{"@type":"WebPage","@id":"https:\/\/www.mfreg.com\/fr\/location\/","url":"https:\/\/www.mfreg.com\/fr\/location\/","name":"Propri\u00e9taires (Location) - Le Groupe Immobilier Montefiore","isPartOf":{"@id":"https:\/\/www.mfreg.com\/fr\/#website"},"primaryImageOfPage":{"@id":"https:\/\/www.mfreg.com\/fr\/location\/#primaryimage"},"image":{"@id":"https:\/\/www.mfreg.com\/fr\/location\/#primaryimage"},"thumbnailUrl":"https:\/\/www.mfreg.com\/wp-content\/uploads\/2025\/06\/Untitled-design-32.png","datePublished":"2025-06-22T14:52:42+00:00","dateModified":"2025-07-05T13:51:51+00:00","description":"Louez votre bien avec Le Groupe Immobilier Montefiore et profitez d\u2019un mod\u00e8le structur\u00e9 qui vous garantit la tranquillit\u00e9 d\u2019esprit","breadcrumb":{"@id":"https:\/\/www.mfreg.com\/fr\/location\/#breadcrumb"},"inLanguage":"fr-FR","potentialAction":[{"@type":"ReadAction","target":["https:\/\/www.mfreg.com\/fr\/location\/"]}]},{"@type":"ImageObject","inLanguage":"fr-FR","@id":"https:\/\/www.mfreg.com\/fr\/location\/#primaryimage","url":"https:\/\/www.mfreg.com\/wp-content\/uploads\/2025\/06\/Untitled-design-32.png","contentUrl":"https:\/\/www.mfreg.com\/wp-content\/uploads\/2025\/06\/Untitled-design-32.png","width":1920,"height":500},{"@type":"BreadcrumbList","@id":"https:\/\/www.mfreg.com\/fr\/location\/#breadcrumb","itemListElement":[{"@type":"ListItem","position":1,"name":"Page d'accueil","item":"https:\/\/www.mfreg.com\/fr\/"},{"@type":"ListItem","position":2,"name":"Propri\u00e9taires (Location)"}]},{"@type":"WebSite","@id":"https:\/\/www.mfreg.com\/fr\/#website","url":"https:\/\/www.mfreg.com\/fr\/","name":"Montefiore Real Estate Group","description":"Montefiore Real Estate Group","alternateName":"Montefiore Real Estate Group","potentialAction":[{"@type":"SearchAction","target":{"@type":"EntryPoint","urlTemplate":"https:\/\/www.mfreg.com\/fr\/?s={search_term_string}"},"query-input":{"@type":"PropertyValueSpecification","valueRequired":true,"valueName":"search_term_string"}}],"inLanguage":"fr-FR"}]}},"_links":{"self":[{"href":"https:\/\/www.mfreg.com\/fr\/wp-json\/wp\/v2\/pages\/36878","targetHints":{"allow":["GET"]}}],"collection":[{"href":"https:\/\/www.mfreg.com\/fr\/wp-json\/wp\/v2\/pages"}],"about":[{"href":"https:\/\/www.mfreg.com\/fr\/wp-json\/wp\/v2\/types\/page"}],"author":[{"embeddable":true,"href":"https:\/\/www.mfreg.com\/fr\/wp-json\/wp\/v2\/users\/3"}],"replies":[{"embeddable":true,"href":"https:\/\/www.mfreg.com\/fr\/wp-json\/wp\/v2\/comments?post=36878"}],"version-history":[{"count":5,"href":"https:\/\/www.mfreg.com\/fr\/wp-json\/wp\/v2\/pages\/36878\/revisions"}],"predecessor-version":[{"id":37805,"href":"https:\/\/www.mfreg.com\/fr\/wp-json\/wp\/v2\/pages\/36878\/revisions\/37805"}],"wp:featuredmedia":[{"embeddable":true,"href":"https:\/\/www.mfreg.com\/fr\/wp-json\/wp\/v2\/media\/36725"}],"wp:attachment":[{"href":"https:\/\/www.mfreg.com\/fr\/wp-json\/wp\/v2\/media?parent=36878"}],"curies":[{"name":"wp","href":"https:\/\/api.w.org\/{rel}","templated":true}]}}