{"id":83,"date":"2025-01-29T14:52:21","date_gmt":"2025-01-29T14:52:21","guid":{"rendered":"https:\/\/www.mfreg.com\/home\/"},"modified":"2025-11-12T16:00:39","modified_gmt":"2025-11-12T16:00:39","slug":"home","status":"publish","type":"page","link":"https:\/\/www.mfreg.com\/fr\/","title":{"rendered":"Page d&rsquo;accueil"},"content":{"rendered":"","protected":false},"excerpt":{"rendered":"","protected":false},"author":1,"featured_media":0,"parent":0,"menu_order":7,"comment_status":"closed","ping_status":"closed","template":"views\/home.php","meta":{"_acf_changed":false,"footnotes":""},"class_list":["post-83","page","type-page","status-publish","hentry"],"acf":[],"yoast_head":"<!-- This site is optimized with the Yoast SEO plugin v27.4 - https:\/\/yoast.com\/product\/yoast-seo-wordpress\/ -->\n<title>Page d&#039;accueil - Montefiore Real Estate Group<\/title>\n<meta name=\"description\" content=\"Montefiore est la premi\u00e8re agence immobili\u00e8re de luxe en Isra\u00ebl, sp\u00e9cialis\u00e9e dans le travail avec une client\u00e8le internationale et les olim.\" \/>\n<meta name=\"robots\" content=\"index, follow, max-snippet:-1, max-image-preview:large, max-video-preview:-1\" \/>\n<link rel=\"canonical\" href=\"https:\/\/www.mfreg.com\/fr\/\" \/>\n<meta property=\"og:locale\" content=\"fr_FR\" \/>\n<meta property=\"og:type\" content=\"article\" \/>\n<meta property=\"og:title\" content=\"Page d&#039;accueil - Montefiore Real Estate Group\" \/>\n<meta property=\"og:description\" content=\"Montefiore est la premi\u00e8re agence immobili\u00e8re de luxe en Isra\u00ebl, sp\u00e9cialis\u00e9e dans le travail avec une client\u00e8le internationale et les olim.\" \/>\n<meta property=\"og:url\" content=\"https:\/\/www.mfreg.com\/fr\/\" \/>\n<meta property=\"og:site_name\" content=\"Montefiore Real Estate Group\" \/>\n<meta property=\"article:modified_time\" content=\"2025-11-12T16:00:39+00:00\" \/>\n<meta name=\"twitter:card\" content=\"summary_large_image\" \/>\n<meta name=\"twitter:label1\" content=\"Dur\u00e9e de lecture estim\u00e9e\" \/>\n\t<meta name=\"twitter:data1\" content=\"1 minute\" \/>\n<script type=\"application\/ld+json\" class=\"yoast-schema-graph\">{\"@context\":\"https:\\\/\\\/schema.org\",\"@graph\":[{\"@type\":\"WebPage\",\"@id\":\"https:\\\/\\\/www.mfreg.com\\\/fr\\\/\",\"url\":\"https:\\\/\\\/www.mfreg.com\\\/fr\\\/\",\"name\":\"Page d'accueil - Montefiore Real Estate Group\",\"isPartOf\":{\"@id\":\"https:\\\/\\\/www.mfreg.com\\\/fr\\\/#website\"},\"datePublished\":\"2025-01-29T14:52:21+00:00\",\"dateModified\":\"2025-11-12T16:00:39+00:00\",\"description\":\"Montefiore est la premi\u00e8re agence immobili\u00e8re de luxe en Isra\u00ebl, sp\u00e9cialis\u00e9e dans le travail avec une client\u00e8le internationale et les olim.\",\"breadcrumb\":{\"@id\":\"https:\\\/\\\/www.mfreg.com\\\/fr\\\/#breadcrumb\"},\"inLanguage\":\"fr-FR\",\"potentialAction\":[{\"@type\":\"ReadAction\",\"target\":[\"https:\\\/\\\/www.mfreg.com\\\/fr\\\/\"]}]},{\"@type\":\"BreadcrumbList\",\"@id\":\"https:\\\/\\\/www.mfreg.com\\\/fr\\\/#breadcrumb\",\"itemListElement\":[{\"@type\":\"ListItem\",\"position\":1,\"name\":\"Page d'accueil\",\"item\":\"https:\\\/\\\/www.mfreg.com\\\/fr\\\/\"},{\"@type\":\"ListItem\",\"position\":2,\"name\":\"Page d&#8217;accueil\"}]},{\"@type\":\"WebSite\",\"@id\":\"https:\\\/\\\/www.mfreg.com\\\/fr\\\/#website\",\"url\":\"https:\\\/\\\/www.mfreg.com\\\/fr\\\/\",\"name\":\"Montefiore Real Estate Group\",\"description\":\"Montefiore Real Estate Group\",\"alternateName\":\"Montefiore Real Estate Group\",\"potentialAction\":[{\"@type\":\"SearchAction\",\"target\":{\"@type\":\"EntryPoint\",\"urlTemplate\":\"https:\\\/\\\/www.mfreg.com\\\/fr\\\/?s={search_term_string}\"},\"query-input\":{\"@type\":\"PropertyValueSpecification\",\"valueRequired\":true,\"valueName\":\"search_term_string\"}}],\"inLanguage\":\"fr-FR\"}]}<\/script>\n<!-- \/ Yoast SEO plugin. -->","yoast_head_json":{"title":"Page d'accueil - Montefiore Real Estate Group","description":"Montefiore est la premi\u00e8re agence immobili\u00e8re de luxe en Isra\u00ebl, sp\u00e9cialis\u00e9e dans le travail avec une client\u00e8le internationale et les olim.","robots":{"index":"index","follow":"follow","max-snippet":"max-snippet:-1","max-image-preview":"max-image-preview:large","max-video-preview":"max-video-preview:-1"},"canonical":"https:\/\/www.mfreg.com\/fr\/","og_locale":"fr_FR","og_type":"article","og_title":"Page d'accueil - Montefiore Real Estate Group","og_description":"Montefiore est la premi\u00e8re agence immobili\u00e8re de luxe en Isra\u00ebl, sp\u00e9cialis\u00e9e dans le travail avec une client\u00e8le internationale et les olim.","og_url":"https:\/\/www.mfreg.com\/fr\/","og_site_name":"Montefiore Real Estate Group","article_modified_time":"2025-11-12T16:00:39+00:00","twitter_card":"summary_large_image","twitter_misc":{"Dur\u00e9e de lecture estim\u00e9e":"1 minute"},"schema":{"@context":"https:\/\/schema.org","@graph":[{"@type":"WebPage","@id":"https:\/\/www.mfreg.com\/fr\/","url":"https:\/\/www.mfreg.com\/fr\/","name":"Page d'accueil - Montefiore Real Estate Group","isPartOf":{"@id":"https:\/\/www.mfreg.com\/fr\/#website"},"datePublished":"2025-01-29T14:52:21+00:00","dateModified":"2025-11-12T16:00:39+00:00","description":"Montefiore est la premi\u00e8re agence immobili\u00e8re de luxe en Isra\u00ebl, sp\u00e9cialis\u00e9e dans le travail avec une client\u00e8le internationale et les olim.","breadcrumb":{"@id":"https:\/\/www.mfreg.com\/fr\/#breadcrumb"},"inLanguage":"fr-FR","potentialAction":[{"@type":"ReadAction","target":["https:\/\/www.mfreg.com\/fr\/"]}]},{"@type":"BreadcrumbList","@id":"https:\/\/www.mfreg.com\/fr\/#breadcrumb","itemListElement":[{"@type":"ListItem","position":1,"name":"Page d'accueil","item":"https:\/\/www.mfreg.com\/fr\/"},{"@type":"ListItem","position":2,"name":"Page d&#8217;accueil"}]},{"@type":"WebSite","@id":"https:\/\/www.mfreg.com\/fr\/#website","url":"https:\/\/www.mfreg.com\/fr\/","name":"Montefiore Real Estate Group","description":"Montefiore Real Estate Group","alternateName":"Montefiore Real Estate Group","potentialAction":[{"@type":"SearchAction","target":{"@type":"EntryPoint","urlTemplate":"https:\/\/www.mfreg.com\/fr\/?s={search_term_string}"},"query-input":{"@type":"PropertyValueSpecification","valueRequired":true,"valueName":"search_term_string"}}],"inLanguage":"fr-FR"}]}},"_links":{"self":[{"href":"https:\/\/www.mfreg.com\/fr\/wp-json\/wp\/v2\/pages\/83","targetHints":{"allow":["GET"]}}],"collection":[{"href":"https:\/\/www.mfreg.com\/fr\/wp-json\/wp\/v2\/pages"}],"about":[{"href":"https:\/\/www.mfreg.com\/fr\/wp-json\/wp\/v2\/types\/page"}],"author":[{"embeddable":true,"href":"https:\/\/www.mfreg.com\/fr\/wp-json\/wp\/v2\/users\/1"}],"replies":[{"embeddable":true,"href":"https:\/\/www.mfreg.com\/fr\/wp-json\/wp\/v2\/comments?post=83"}],"version-history":[{"count":37,"href":"https:\/\/www.mfreg.com\/fr\/wp-json\/wp\/v2\/pages\/83\/revisions"}],"predecessor-version":[{"id":40351,"href":"https:\/\/www.mfreg.com\/fr\/wp-json\/wp\/v2\/pages\/83\/revisions\/40351"}],"wp:attachment":[{"href":"https:\/\/www.mfreg.com\/fr\/wp-json\/wp\/v2\/media?parent=83"}],"curies":[{"name":"wp","href":"https:\/\/api.w.org\/{rel}","templated":true}]}}